{"id":691,"date":"2021-08-18T12:40:13","date_gmt":"2021-08-18T12:40:13","guid":{"rendered":"https:\/\/border21.com\/?page_id=691"},"modified":"2021-08-18T13:27:13","modified_gmt":"2021-08-18T13:27:13","slug":"the-agency","status":"publish","type":"page","link":"https:\/\/border21.com\/tr\/the-agency","title":{"rendered":"ajans"},"content":{"rendered":"\n<h1 class=\"has-text-color wp-block-heading\" style=\"color:#a89e6e\">ajans<\/h1>\n\n\n\n<p><span style=\"color:#1c76bf\" class=\"has-inline-color\">border21<\/span> entegre \u015fekilde kapsaml\u0131 yakla\u015f\u0131m ve g\u00f6\u00e7 konular\u0131nda s\u0131n\u0131r y\u00f6netiminin nas\u0131l oldu\u011funu bilen ve bu alanda profesyonel uzman yard\u0131m\u0131 sa\u011flayan bir te\u015fekk\u00fcld\u00fcr.<\/p>\n\n\n\n<p><span style=\"color:#1c76bf\" class=\"has-inline-color\">border21<\/span> \u00fclke i\u00e7i dan\u0131\u015fmanl\u0131k deste\u011fi ve alandaki \u00e7al\u0131\u015fmalara yard\u0131m program\u0131 ihtiyac\u0131n\u0131 kar\u015f\u0131lar. Ulusal ve uluslar aras\u0131 d\u00fczeyde uygun kurallar geli\u015ftirir ve te\u015fvik eder, en iyi uygulamalar ile \u00f6\u011frenilmi\u015f deneyimleri savunur, etkin ve verimli s\u0131n\u0131r g\u00fcvenli\u011fi ve y\u00f6netim standartlar\u0131n\u0131n sa\u011flanmas\u0131na y\u00f6nelik uygun \u00e7\u00f6z\u00fcm \u00f6nerilerinin ara\u015ft\u0131r\u0131lmas\u0131n\u0131 ger\u00e7ekle\u015ftirir.<\/p>\n\n\n\n<p><span style=\"color:#1c76bf\" class=\"has-inline-color\">border21<\/span> te\u015fekk\u00fcl\u00fcn\u00fcn birlikte \u00e7al\u0131\u015ft\u0131\u011f\u0131 birimler, \u00dclke S\u0131n\u0131r Muhaf\u0131z\u0131 Te\u015fkilat\u0131, Sivil S\u0131n\u0131r Polisi Te\u015fkilat\u0131, G\u00fcmr\u00fck Te\u015fkilat\u0131 ve uluslar aras\u0131 s\u0131n\u0131r e\u011fitim merkezi ile s\u0131n\u0131r konular\u0131, sivil cemiyetler, uluslar aras\u0131 te\u015fkilatlar ve ilgili g\u00fcvenlik alan\u0131 birimleri say\u0131lan di\u011fer te\u015fekk\u00fclleri i\u00e7erir.<\/p>\n\n\n\n<p><span style=\"color:#1c76bf\" class=\"has-inline-color\">border21<\/span> belirli s\u0131n\u0131r y\u00f6netimi ve g\u00f6\u00e7 ile ilgili konularda hareket tarz\u0131n\u0131n nas\u0131l olaca\u011f\u0131n\u0131 bilen deneyimli uluslar aras\u0131 uzmanlar\u0131n deste\u011fini sunar.<\/p>\n\n\n\n<\/br><\/br><\/br><\/br>\n","protected":false},"excerpt":{"rendered":"<p>ajans border21 entegre \u015fekilde kapsaml\u0131 yakla\u015f\u0131m ve g\u00f6\u00e7 konular\u0131nda s\u0131n\u0131r y\u00f6netiminin nas\u0131l oldu\u011funu bilen ve bu alanda profesyonel uzman yard\u0131m\u0131 sa\u011flayan bir te\u015fekk\u00fcld\u00fcr. border21 \u00fclke i\u00e7i dan\u0131\u015fmanl\u0131k deste\u011fi ve alandaki \u00e7al\u0131\u015fmalara yard\u0131m program\u0131 ihtiyac\u0131n\u0131 kar\u015f\u0131lar. Ulusal ve uluslar aras\u0131 d\u00fczeyde<\/p>\n","protected":false},"author":1,"featured_media":0,"parent":0,"menu_order":2,"comment_status":"closed","ping_status":"closed","template":"","meta":{"footnotes":""},"class_list":["post-691","page","type-page","status-publish","hentry"],"translation":{"provider":"WPGlobus","version":"2.12.2","language":"tr","enabled_languages":["en","fr","ru","tr","ar"],"languages":{"en":{"title":true,"content":true,"excerpt":false},"fr":{"title":true,"content":true,"excerpt":false},"ru":{"title":true,"content":true,"excerpt":false},"tr":{"title":true,"content":true,"excerpt":false},"ar":{"title":true,"content":true,"excerpt":false}}},"_links":{"self":[{"href":"https:\/\/border21.com\/tr\/wp-json\/wp\/v2\/pages\/691","targetHints":{"allow":["GET"]}}],"collection":[{"href":"https:\/\/border21.com\/tr\/wp-json\/wp\/v2\/pages"}],"about":[{"href":"https:\/\/border21.com\/tr\/wp-json\/wp\/v2\/types\/page"}],"author":[{"embeddable":true,"href":"https:\/\/border21.com\/tr\/wp-json\/wp\/v2\/users\/1"}],"replies":[{"embeddable":true,"href":"https:\/\/border21.com\/tr\/wp-json\/wp\/v2\/comments?post=691"}],"version-history":[{"count":16,"href":"https:\/\/border21.com\/tr\/wp-json\/wp\/v2\/pages\/691\/revisions"}],"predecessor-version":[{"id":719,"href":"https:\/\/border21.com\/tr\/wp-json\/wp\/v2\/pages\/691\/revisions\/719"}],"wp:attachment":[{"href":"https:\/\/border21.com\/tr\/wp-json\/wp\/v2\/media?parent=691"}],"curies":[{"name":"wp","href":"https:\/\/api.w.org\/{rel}","templated":true}]}}