{"id":5,"date":"2021-02-23T10:53:39","date_gmt":"2021-02-23T10:53:39","guid":{"rendered":"http:\/\/border21.com\/?page_id=5"},"modified":"2021-08-20T06:34:53","modified_gmt":"2021-08-20T06:34:53","slug":"general-information","status":"publish","type":"page","link":"https:\/\/border21.com\/tr\/","title":{"rendered":"genel"},"content":{"rendered":"\n<h1 class=\"has-text-color wp-block-heading\" style=\"color:#a89e6e\">Tehlikeli su\u00e7lular ve ter\u00f6rist sava\u015f\u00e7\u0131lar<\/h1>\n\n\n\n<p>Ne devlet s\u0131n\u0131rlar\u0131na ne de devlet bakanl\u0131klar\u0131 ile ulusal g\u00fcvenlik, kamu g\u00fcvenli\u011fi ve d\u00fczeninden sorumlu kolluk kuvvetleri aras\u0131ndaki resmi, yerle\u015fik yetki ve g\u00f6revlere sayg\u0131 duymaktad\u0131r.<\/p>\n\n\n\n<p>Eyalet s\u0131n\u0131rlar\u0131 benzersiz, do\u011fas\u0131 gere\u011fi \u00e7e\u015fitli, ayr\u0131 karakterlere sahip ve ulusal bir b\u00f6lgeyi tan\u0131mlamaktad\u0131rlar. S\u0131n\u0131rlar; kara, su ve hava olmak \u00fczere \u00fc\u00e7 kategoriye ayr\u0131lmaktad\u0131r. Siber su\u00e7 ise, s\u0131n\u0131r g\u00fcvenli\u011fi ve y\u00f6netimi ba\u011flam\u0131nda, d\u00f6rd\u00fcnc\u00fc kategori olarak kolluk kuvvetlerinin oda\u011f\u0131na giderek daha fazla girmektedir. Ba\u011f\u0131ms\u0131z ulus terimi, di\u011fer tan\u0131mlar\u0131n yan\u0131 s\u0131ra, bir devletin, kendi s\u0131n\u0131rlar\u0131n\u0131n ge\u00e7i\u015flerini etkin bir \u015fekilde kontrol edip edemeyece\u011fi ve ayn\u0131 zamanda denetleyebilece\u011fi ve y\u00f6netebilece\u011fi modern ve g\u00fcvenli bir devlet \u00f6z alg\u0131s\u0131 ile de tan\u0131mlan\u0131r.<\/p>\n\n\n\n<p>Organize su\u00e7 gruplar\u0131 ve ter\u00f6rist sava\u015f\u00e7\u0131lar, asl\u0131nda genellikle, daha d\u00fc\u015f\u00fck risk alarak daha y\u00fcksek su\u00e7 i\u015fleyebilmelerine f\u0131rsat veren, s\u0131n\u0131rlardaki bo\u015fluklar\u0131 hedef al\u0131rlar. Her h\u00fck\u00fcmetin, s\u0131n\u0131r g\u00fcvenli\u011fiyle ilgili \u00f6ncelikleriyle, m\u00fcmk\u00fcn olan en etkili ve verimli \u015fekilde ba\u015fa \u00e7\u0131kabilmesi i\u00e7in kaynaklar\u0131n\u0131 uyumlu hale getirebilmesi gerekmektedir. Bu ger\u00e7ek \u0131\u015f\u0131\u011f\u0131nda, t\u00fcm uzmanlar\u0131n, ter\u00f6rizm ve s\u0131n\u0131r \u00f6tesi organize su\u00e7la ilgili en ciddi tehditleri ele alarak i\u015fbirli\u011fi i\u00e7inde ve uyumlu bir \u015fekilde \u00e7al\u0131\u015fmalar\u0131 ihtiyac\u0131 devam etmektedir. <\/p>\n\n\n\n<p>Entegre s\u0131n\u0131r y\u00f6netimi, politik, g\u00fcvenlik, sosyo-ekonomik, \u00e7evresel ve k\u00fclt\u00fcrel hususlar a\u00e7\u0131s\u0131ndan, ba\u011f\u0131ms\u0131z her devletin, s\u0131n\u0131rlar\u0131n\u0131 kontrol etmek, incelemek ve g\u00fcvence alt\u0131na almak amac\u0131yla en iyi uygulamalar\u0131 ve en modern standartlar\u0131 se\u00e7me konusunda ola\u011fan\u00fcst\u00fc bir sorumlulu\u011fudur. Genel olarak devletler, uluslararas\u0131 hukuka, \u00f6zellikle de uluslararas\u0131 insan haklar\u0131, m\u00fclteci ve be\u015feri hukuka uygun olarak sorumlu davranmakta kararl\u0131lard\u0131r.<\/p>\n\n\n\n<p>\nKi\u015filere, mal ve hizmetlere eri\u015fim, yasall\u0131k ilkesinin tutarl\u0131 bir \u015fekilde uygulanmas\u0131na ve yerel yarg\u0131 yetkisini g\u00fc\u00e7lendirmek i\u00e7in etkili kontrol mekanizmalar\u0131n\u0131n uygulanmas\u0131na dayal\u0131 olarak d\u00fczenlenmeli ve kontrol edilmelidir. Bu nedenle, ba\u011f\u0131ms\u0131z devlet faaliyetleri kurum i\u00e7i, kurumlar aras\u0131 ve uluslararas\u0131 d\u00fczeyde b\u00f6lge, personel, ileti\u015fim, teknoloji, ekipman, e\u011fitim ve i\u015fbirli\u011fi ile do\u011frudan ili\u015fkilidir.<\/p>\n\n\n\n<p>21. y\u00fczy\u0131lda, globalle\u015fme s\u00fcreciyle birlikte geli\u015fen g\u00fcvenlik ortam\u0131, uluslar\u00f6tesi nitelikteki g\u00fcvenlik ve istikrara y\u00f6nelik yeni tehdit boyutlar\u0131 ve zorluklar yaratmaktad\u0131r. Bu durum, yak\u0131n i\u015fbirli\u011fi ve kapsaml\u0131, \u00e7ok boyutlu, kolektif ve iyi koordine edilmi\u015f stratejiler ve eylem planlar\u0131 gerektirmektedir. <\/p>\n\n\n\n<\/br><\/br><\/br><\/br>\n\n\n<p><!-- \/wp:post-content --><\/p>","protected":false},"excerpt":{"rendered":"<p>Tehlikeli su\u00e7lular ve ter\u00f6rist sava\u015f\u00e7\u0131lar Ne devlet s\u0131n\u0131rlar\u0131na ne de devlet bakanl\u0131klar\u0131 ile ulusal g\u00fcvenlik, kamu g\u00fcvenli\u011fi ve d\u00fczeninden sorumlu kolluk kuvvetleri aras\u0131ndaki resmi, yerle\u015fik yetki ve g\u00f6revlere sayg\u0131 duymaktad\u0131r. Eyalet s\u0131n\u0131rlar\u0131 benzersiz, do\u011fas\u0131 gere\u011fi \u00e7e\u015fitli, ayr\u0131 karakterlere sahip ve<\/p>\n","protected":false},"author":1,"featured_media":0,"parent":0,"menu_order":1,"comment_status":"closed","ping_status":"closed","template":"","meta":{"footnotes":""},"class_list":["post-5","page","type-page","status-publish","hentry"],"translation":{"provider":"WPGlobus","version":"2.12.2","language":"tr","enabled_languages":["en","fr","ru","tr","ar"],"languages":{"en":{"title":true,"content":true,"excerpt":false},"fr":{"title":true,"content":true,"excerpt":false},"ru":{"title":true,"content":true,"excerpt":false},"tr":{"title":true,"content":true,"excerpt":false},"ar":{"title":true,"content":true,"excerpt":false}}},"_links":{"self":[{"href":"https:\/\/border21.com\/tr\/wp-json\/wp\/v2\/pages\/5","targetHints":{"allow":["GET"]}}],"collection":[{"href":"https:\/\/border21.com\/tr\/wp-json\/wp\/v2\/pages"}],"about":[{"href":"https:\/\/border21.com\/tr\/wp-json\/wp\/v2\/types\/page"}],"author":[{"embeddable":true,"href":"https:\/\/border21.com\/tr\/wp-json\/wp\/v2\/users\/1"}],"replies":[{"embeddable":true,"href":"https:\/\/border21.com\/tr\/wp-json\/wp\/v2\/comments?post=5"}],"version-history":[{"count":86,"href":"https:\/\/border21.com\/tr\/wp-json\/wp\/v2\/pages\/5\/revisions"}],"predecessor-version":[{"id":760,"href":"https:\/\/border21.com\/tr\/wp-json\/wp\/v2\/pages\/5\/revisions\/760"}],"wp:attachment":[{"href":"https:\/\/border21.com\/tr\/wp-json\/wp\/v2\/media?parent=5"}],"curies":[{"name":"wp","href":"https:\/\/api.w.org\/{rel}","templated":true}]}}