{"id":353,"date":"2021-02-27T15:31:03","date_gmt":"2021-02-27T15:31:03","guid":{"rendered":"http:\/\/border21.com\/?page_id=353"},"modified":"2021-08-20T07:44:57","modified_gmt":"2021-08-20T07:44:57","slug":"change-management-and-communication","status":"publish","type":"page","link":"https:\/\/border21.com\/tr\/training\/change-management-and-communication","title":{"rendered":"De\u011fi\u015fim Y\u00f6netimi ve \u0130leti\u015fim"},"content":{"rendered":"\n<p>E\u011fitim kurslar\u0131 \u00fcst d\u00fczey s\u0131n\u0131r y\u00f6neticilerinin y\u00f6neticilik kapasitelerinin geli\u015ftirilmesini ama\u00e7lar. Bu kurs, uluslar aras\u0131 standartlar ve iyi uygulamalar do\u011frultusunda modern, etkin ve verimli y\u00f6netim standartlar\u0131n\u0131 \u00f6\u011fretir. &nbsp;<\/p>\n\n\n\n<p><span style=\"color:#1c76bf\" class=\"has-inline-color\">border21<\/span> ilgili s\u0131n\u0131r te\u015fekk\u00fcllerine modern y\u00f6netim ve ileti\u015fim standartlar\u0131n\u0131 tan\u0131tmak i\u00e7in uluslar aras\u0131 uzmanlar ve e\u011fitimciler sa\u011flar.<\/p>\n\n\n\n<p><span style=\"color:#1c76bf\" class=\"has-inline-color\">border21<\/span> en iyi uygulamalar ve \u00e7al\u0131\u015fmalardan edinilen tecr\u00fcbelerin payla\u015f\u0131lmas\u0131 amac\u0131yla e\u011fitim planlar\u0131 ve m\u00fcfredat\u0131 geli\u015ftirtmesi ve hayata ge\u00e7irilmesi konusunda teknik destek sa\u011flar.<\/p>\n\n\n\n<p><span style=\"color:#1c76bf\" class=\"has-inline-color\">border21<\/span> te\u015fkilat i\u00e7i ve te\u015fkilatlar aras\u0131 koordinasyon konular\u0131nda birbirleri aras\u0131ndaki etkile\u015fim ve bilgi payla\u015f\u0131m\u0131n\u0131 iyile\u015ftirmek i\u00e7in s\u0131n\u0131r ile ba\u011flant\u0131l\u0131 konularda \u00e7al\u0131\u015fan ilgili te\u015fekk\u00fclleri birle\u015ftirir.<\/p>\n\n\n\n<p><span style=\"color:#1c76bf\" class=\"has-inline-color\">border21<\/span> s\u0131n\u0131r a\u015fan i\u015fbirli\u011fi konular\u0131n\u0131 organize eder ve dengeler.<\/p>\n\n\n\n<p><span style=\"color:#1c76bf\" class=\"has-inline-color\">border21<\/span> y\u00f6netim ve ileti\u015fimi de\u011fi\u015ftirmek isteyen s\u0131n\u0131r te\u015fekk\u00fcllerine destek olmay\u0131 \u00f6nerir.<\/p>\n","protected":false},"excerpt":{"rendered":"<p>E\u011fitim kurslar\u0131 \u00fcst d\u00fczey s\u0131n\u0131r y\u00f6neticilerinin y\u00f6neticilik kapasitelerinin geli\u015ftirilmesini ama\u00e7lar. Bu kurs, uluslar aras\u0131 standartlar ve iyi uygulamalar do\u011frultusunda modern, etkin ve verimli y\u00f6netim standartlar\u0131n\u0131 \u00f6\u011fretir. &nbsp; border21 ilgili s\u0131n\u0131r te\u015fekk\u00fcllerine modern y\u00f6netim ve ileti\u015fim standartlar\u0131n\u0131 tan\u0131tmak i\u00e7in uluslar aras\u0131<\/p>\n","protected":false},"author":1,"featured_media":0,"parent":21,"menu_order":0,"comment_status":"closed","ping_status":"closed","template":"","meta":{"footnotes":""},"class_list":["post-353","page","type-page","status-publish","hentry"],"translation":{"provider":"WPGlobus","version":"2.12.2","language":"tr","enabled_languages":["en","fr","ru","tr","ar"],"languages":{"en":{"title":true,"content":true,"excerpt":false},"fr":{"title":true,"content":true,"excerpt":false},"ru":{"title":true,"content":true,"excerpt":false},"tr":{"title":true,"content":true,"excerpt":false},"ar":{"title":true,"content":true,"excerpt":false}}},"_links":{"self":[{"href":"https:\/\/border21.com\/tr\/wp-json\/wp\/v2\/pages\/353","targetHints":{"allow":["GET"]}}],"collection":[{"href":"https:\/\/border21.com\/tr\/wp-json\/wp\/v2\/pages"}],"about":[{"href":"https:\/\/border21.com\/tr\/wp-json\/wp\/v2\/types\/page"}],"author":[{"embeddable":true,"href":"https:\/\/border21.com\/tr\/wp-json\/wp\/v2\/users\/1"}],"replies":[{"embeddable":true,"href":"https:\/\/border21.com\/tr\/wp-json\/wp\/v2\/comments?post=353"}],"version-history":[{"count":27,"href":"https:\/\/border21.com\/tr\/wp-json\/wp\/v2\/pages\/353\/revisions"}],"predecessor-version":[{"id":778,"href":"https:\/\/border21.com\/tr\/wp-json\/wp\/v2\/pages\/353\/revisions\/778"}],"up":[{"embeddable":true,"href":"https:\/\/border21.com\/tr\/wp-json\/wp\/v2\/pages\/21"}],"wp:attachment":[{"href":"https:\/\/border21.com\/tr\/wp-json\/wp\/v2\/media?parent=353"}],"curies":[{"name":"wp","href":"https:\/\/api.w.org\/{rel}","templated":true}]}}