{"id":340,"date":"2021-02-27T15:15:35","date_gmt":"2021-02-27T15:15:35","guid":{"rendered":"http:\/\/border21.com\/?page_id=340"},"modified":"2021-08-21T16:25:22","modified_gmt":"2021-08-21T16:25:22","slug":"risk-analysis-and-threat-assessment","status":"publish","type":"page","link":"https:\/\/border21.com\/tr\/training\/risk-analysis-and-threat-assessment","title":{"rendered":"Risk \u00c7\u00f6z\u00fcmlemeleri ve Tehdit De\u011ferlendirmeleri"},"content":{"rendered":"\n<p>Risk \u00e7\u00f6z\u00fcmlemeleri, s\u0131n\u0131r te\u015fekk\u00fcllerinin ba\u015far\u0131l\u0131 \u00e7al\u0131\u015fmalar\u0131n\u0131 tehlikeye koyabilecek fakt\u00f6rleri belirleme ve de\u011ferlendirme tekni\u011fidir. Bu teknik s\u0131n\u0131r te\u015fekk\u00fcllerinin rekabet g\u00fcc\u00fc \u00fczerindeki muhtemel olumsuz etkileri defetmek hususunda geli\u015ftirdikleri, s\u00f6z\u00fc edilen fakt\u00f6rlerin meydana gelme ihtimallerini azaltmak i\u00e7in \u00f6nleyici tedbirlerin tan\u0131mlanmas\u0131na ve bu s\u0131n\u0131rlamalarla ba\u015far\u0131l\u0131 \u015fekilde ba\u015fa \u00e7\u0131kmak i\u00e7in kar\u015f\u0131 \u00f6nlemlerin tespit edilmesine yard\u0131mc\u0131 da olur.<\/p>\n\n\n\n<p>Risk \u00e7\u00f6z\u00fcmlemeleri ve tehdit de\u011ferlendirmeleri, d\u0131\u015f s\u0131n\u0131rlar\u0131n kontrol\u00fc hakk\u0131ndaki g\u00f6revlerini desteklemek i\u00e7in s\u0131n\u0131r te\u015fekk\u00fcllerinde uygulanan belirli y\u00f6ntemler dizisidir. Bu, y\u00f6netimsel (kaynaklar, e\u011fitim, tesisler, ara\u00e7-gere\u00e7 vb) ve operasyonel (y\u00f6ntemler, belirtiler, profiller vb) a\u00e7\u0131dan olmak \u00fczere her iki bak\u0131mdan geli\u015fmelerin kolayla\u015ft\u0131r\u0131lmas\u0131 i\u00e7in yap\u0131l\u0131r. Stratejik d\u00fczeyde risk \u00e7\u00f6z\u00fcmlemeleri, ilgili stratejik istihbarat \u00fcr\u00fcnleri (tehdit ve risk \u00e7\u00f6z\u00fcmlemeleri) ile operasyonel d\u00fczeyde risk de\u011ferlendirmelerinin sonu\u00e7lar\u0131n\u0131n birle\u015fimidir.<\/p>\n\n\n\n<p>Risk \u00e7\u00f6z\u00fcmlemeleri toplumun ve s\u0131n\u0131r y\u00f6netim sistemlerinin savunmas\u0131z taraflar\u0131n\u0131 belirlemeyi hedefler. Bu s\u0131n\u0131r y\u00f6netim otoritelerinin d\u00e2hilinde veya haricinde ger\u00e7ekle\u015ftirilebilen mutat bir istihbarat g\u00f6revidir. Bununla beraber, s\u0131n\u0131r y\u00f6netim operasyonlar\u0131nda elde edilen bilgiler, bu \u015fekildeki istihbari bilgiler i\u00e7in \u00f6nemli bir katk\u0131d\u0131r.<\/p>\n\n\n\n<p>S\u0131n\u0131r y\u00f6netiminin \u00e7e\u015fitli seviyeleri (taktik, operasyonel ve stratejik seviyeler vb) \u00e7\u00f6z\u00fcmlemelerde de\u011fi\u015fik \u00f6ncelik ayarlamalar\u0131 gerektirir, bu planlama a\u015fa\u011f\u0131daki ilave hususlara ihtiya\u00e7 duyar:<\/p>\n\n\n\n<ul class=\"wp-block-list\"><li>Taktik risk \u00e7\u00f6z\u00fcmlemeleri hudut ge\u00e7i\u015fi hedef notalar\u0131n\u0131n e\u015f zamanl\u0131 olarak \u00f6nceden belirlenmesi i\u00e7in ilgili bilgilerin sa\u011flanmas\u0131 ve kullan\u0131lmas\u0131 demektir (Ki\u015fisel seyahat edenler veya ula\u015f\u0131m ara\u00e7lar\u0131 kullanarak hudut ge\u00e7i\u015fi). Bu \u00f6nceden belirleme normal d\u00fczeyin \u00fczerinde kontrol tedbirleri taraf\u0131ndan bask\u0131 alt\u0131na al\u0131nm\u0131\u015f olan kurallar\u0131 ihlal etme olas\u0131l\u0131klar\u0131 y\u00fcksek ki\u015fileri ortaya \u00e7\u0131karmak i\u00e7in yap\u0131lmaktad\u0131r. Bu \u00e7e\u015fit \u00e7\u00f6z\u00fcmlemeler tercihen ya s\u0131n\u0131r kontrol otoriteleri ya da baz\u0131 di\u011fer te\u015fekk\u00fcllerden olu\u015fan ayr\u0131 istihbarat personeli taraf\u0131ndan sa\u011flanabilecek sistemli olarak i\u015flenmi\u015f istihbari bilgiyle desteklenmelidir<\/li><li>Operasyonel risk \u00e7\u00f6z\u00fcmlemeleri, a\u00e7\u0131\u011fa \u00e7\u0131kmam\u0131\u015f d\u00fczensiz hareketlerin derecesinin tahmin edilmesi (bu konuda otoriteler taraf\u0131ndan a\u00e7\u0131\u011fa vurulmam\u0131\u015f \u015fekilde bekleyen) ve sistemin a\u00e7\u0131klar\u0131n\u0131n bulunmas\u0131 i\u00e7in s\u0131n\u0131r g\u00fcvenli\u011fi ve y\u00f6netim sisteminin etkinli\u011finin de\u011ferlendirilmesi amac\u0131yla analitik (temel olarak istatistik\u00ee) metotlar\u0131n kullan\u0131lmas\u0131 anlam\u0131na gelmektedir. Bu \u00e7\u00f6z\u00fcmlemeler gerekli analitik yetkinli\u011fe sahip personeli bulunan sorumlu s\u0131n\u0131r te\u015fekk\u00fcl\u00fcn\u00fcn \u00fcnitesi taraf\u0131ndan ger\u00e7ekle\u015ftirilmelidir.<\/li><li>Stratejik risk analizi, uygulama y\u00f6ntemini ve hatta mevzuat\u0131 de\u011fi\u015ftirme konusunda karar alma mekanizmalar\u0131n\u0131n kar\u015f\u0131 \u00f6nlemler geli\u015ftirmesini sa\u011flama ba\u011flam\u0131nda stratejik tehdit de\u011ferlendirmeleri ve operasyonel risk \u00e7\u00f6z\u00fcmlemelerinin bir bile\u015fkesidir.<\/li><\/ul>\n","protected":false},"excerpt":{"rendered":"<p>Risk \u00e7\u00f6z\u00fcmlemeleri, s\u0131n\u0131r te\u015fekk\u00fcllerinin ba\u015far\u0131l\u0131 \u00e7al\u0131\u015fmalar\u0131n\u0131 tehlikeye koyabilecek fakt\u00f6rleri belirleme ve de\u011ferlendirme tekni\u011fidir. Bu teknik s\u0131n\u0131r te\u015fekk\u00fcllerinin rekabet g\u00fcc\u00fc \u00fczerindeki muhtemel olumsuz etkileri defetmek hususunda geli\u015ftirdikleri, s\u00f6z\u00fc edilen fakt\u00f6rlerin meydana gelme ihtimallerini azaltmak i\u00e7in \u00f6nleyici tedbirlerin tan\u0131mlanmas\u0131na ve bu s\u0131n\u0131rlamalarla<\/p>\n","protected":false},"author":1,"featured_media":0,"parent":21,"menu_order":0,"comment_status":"closed","ping_status":"closed","template":"","meta":{"footnotes":""},"class_list":["post-340","page","type-page","status-publish","hentry"],"translation":{"provider":"WPGlobus","version":"2.12.2","language":"tr","enabled_languages":["en","fr","ru","tr","ar"],"languages":{"en":{"title":true,"content":true,"excerpt":false},"fr":{"title":true,"content":true,"excerpt":false},"ru":{"title":true,"content":true,"excerpt":false},"tr":{"title":true,"content":true,"excerpt":false},"ar":{"title":true,"content":true,"excerpt":false}}},"_links":{"self":[{"href":"https:\/\/border21.com\/tr\/wp-json\/wp\/v2\/pages\/340","targetHints":{"allow":["GET"]}}],"collection":[{"href":"https:\/\/border21.com\/tr\/wp-json\/wp\/v2\/pages"}],"about":[{"href":"https:\/\/border21.com\/tr\/wp-json\/wp\/v2\/types\/page"}],"author":[{"embeddable":true,"href":"https:\/\/border21.com\/tr\/wp-json\/wp\/v2\/users\/1"}],"replies":[{"embeddable":true,"href":"https:\/\/border21.com\/tr\/wp-json\/wp\/v2\/comments?post=340"}],"version-history":[{"count":18,"href":"https:\/\/border21.com\/tr\/wp-json\/wp\/v2\/pages\/340\/revisions"}],"predecessor-version":[{"id":1000,"href":"https:\/\/border21.com\/tr\/wp-json\/wp\/v2\/pages\/340\/revisions\/1000"}],"up":[{"embeddable":true,"href":"https:\/\/border21.com\/tr\/wp-json\/wp\/v2\/pages\/21"}],"wp:attachment":[{"href":"https:\/\/border21.com\/tr\/wp-json\/wp\/v2\/media?parent=340"}],"curies":[{"name":"wp","href":"https:\/\/api.w.org\/{rel}","templated":true}]}}