{"id":338,"date":"2021-02-27T15:15:05","date_gmt":"2021-02-27T15:15:05","guid":{"rendered":"http:\/\/border21.com\/?page_id=338"},"modified":"2021-08-21T16:21:38","modified_gmt":"2021-08-21T16:21:38","slug":"operational-awareness-on-forged-documents","status":"publish","type":"page","link":"https:\/\/border21.com\/tr\/training\/operational-awareness-on-forged-documents","title":{"rendered":"Sahtecilik Yap\u0131lm\u0131\u015f Belgelerde Operasyonel Fark\u0131ndal\u0131k<\/br>S\u0131n\u0131r Muhaf\u0131zlar\u0131 ve G\u00fcmr\u00fck Memurlar\u0131 i\u00e7in E\u011fitim Kursu"},"content":{"rendered":"\n<p>E\u011fitim kursu s\u0131n\u0131r te\u015fekk\u00fclleri ve s\u0131n\u0131r kontrol\u00fc yapan di\u011fer ilgili kanun uygulay\u0131c\u0131 te\u015fekk\u00fcllerin kontrol personelinin hudut kap\u0131lar\u0131nda \u00fczerinde sahtecilik yap\u0131lm\u0131\u015f belgeleri belirleme konusunda operasyonel fark\u0131ndal\u0131\u011f\u0131n\u0131 art\u0131rmak i\u00e7indir.<\/p>\n\n\n\n<p>Y\u00fcksek kalitede belge uzmanlar\u0131 e\u011fitimi Avrupa Birli\u011fi taraf\u0131ndan onaylanm\u0131\u015f kitap\u00e7\u0131klar esas\u0131na dayand\u0131rmaktad\u0131r; e\u011fitim notlar\u0131 e\u011fitim kursunun verilece\u011fi yer ulusal diline terc\u00fcme edilecektir.<\/p>\n\n\n\n<p>Bu yo\u011funla\u015ft\u0131r\u0131lm\u0131\u015f e\u011fitimin amac\u0131 sahtecilik yap\u0131lm\u0131\u015f belgelerin daha etkin tespiti i\u00e7in kapasitenin daha \u00e7ok art\u0131r\u0131lmas\u0131d\u0131r. Bu y\u00f6ntem, ter\u00f6rist hareketler dahil olmak \u00fczere, d\u00fczensiz g\u00f6\u00e7, organize su\u00e7lar, uluslar aras\u0131 \u00e7al\u0131nt\u0131 ara\u00e7lar ve di\u011fer s\u0131n\u0131r a\u015fan su\u00e7lara kar\u015f\u0131 m\u00fccadelede en belirgin ara\u00e7lardan biridir.<\/p>\n\n\n\n<p>Bu e\u011fitim entegre s\u0131n\u0131r y\u00f6netimi kapsam\u0131nda s\u0131n\u0131r memurlar\u0131na di\u011fer uluslar aras\u0131 te\u015fkilatlar taraf\u0131ndan sa\u011flanan \u00f6nceki e\u011fitimlerin \u00fczerine in\u015fa edilen ve tamamlay\u0131c\u0131 olabilir.<\/p>\n\n\n\n<p><span style=\"color:#1c76bf\" class=\"has-inline-color\">border21<\/span> belge g\u00fcvenli\u011fi konusunda d\u00f6rt temel alanda destek sunar:<\/p>\n\n\n\n<ul class=\"wp-block-list\"><li>S\u0131n\u0131r te\u015fekk\u00fcllerine, biyometrik belirleyicilere sahip elektronik pasaportlar\u0131 da i\u00e7eren yeni belge teknolojisinin tan\u0131t\u0131m\u0131 hakk\u0131nda destek ve kolayla\u015ft\u0131rma sa\u011flamak;<\/li><li>Seyahat belgelerinin tanzim usul\u00fcn\u00fcn iyile\u015ftirilmesi i\u00e7in kapsaml\u0131 kimlik belirleme sistemi tan\u0131t\u0131m\u0131n\u0131 desteleyerek, idare ve d\u00fczenleme sistemlerinde d\u00fcr\u00fcstl\u00fc\u011f\u00fcn geli\u015ftirilmesi hususunda fark\u0131ndal\u0131\u011f\u0131 art\u0131rmak;<\/li><li>Alanda \u00e7al\u0131\u015fan kanun uygulay\u0131c\u0131 memurlara \u0130nterpol veri taban\u0131na e\u015f zamanl\u0131 ba\u011flant\u0131 sa\u011flamak i\u00e7in hudut kap\u0131lar\u0131nda teknik altyap\u0131y\u0131 hayata ge\u00e7irmeyi desteklemenin yan\u0131nda kay\u0131p ve \u00e7al\u0131nt\u0131 her \u00e7e\u015fit seyahat belgelerinin \u0130nterpol\u2019e bildirilmesi i\u00e7in s\u0131n\u0131r te\u015fekk\u00fcllerini te\u015fvik etmek; ve<\/li><li>Sahtecilik yap\u0131lm\u0131\u015f ve d\u00fczmece belgelerin tespitine y\u00f6nelik e\u011filimler ve bilgi al\u0131\u015f veri\u015fi i\u00e7in b\u00f6lgesel i\u015fbirli\u011fini geli\u015ftirmek.<\/li><\/ul>\n","protected":false},"excerpt":{"rendered":"<p>E\u011fitim kursu s\u0131n\u0131r te\u015fekk\u00fclleri ve s\u0131n\u0131r kontrol\u00fc yapan di\u011fer ilgili kanun uygulay\u0131c\u0131 te\u015fekk\u00fcllerin kontrol personelinin hudut kap\u0131lar\u0131nda \u00fczerinde sahtecilik yap\u0131lm\u0131\u015f belgeleri belirleme konusunda operasyonel fark\u0131ndal\u0131\u011f\u0131n\u0131 art\u0131rmak i\u00e7indir. Y\u00fcksek kalitede belge uzmanlar\u0131 e\u011fitimi Avrupa Birli\u011fi taraf\u0131ndan onaylanm\u0131\u015f kitap\u00e7\u0131klar esas\u0131na dayand\u0131rmaktad\u0131r; e\u011fitim<\/p>\n","protected":false},"author":1,"featured_media":0,"parent":21,"menu_order":0,"comment_status":"closed","ping_status":"closed","template":"","meta":{"footnotes":""},"class_list":["post-338","page","type-page","status-publish","hentry"],"translation":{"provider":"WPGlobus","version":"2.12.2","language":"tr","enabled_languages":["en","fr","ru","tr","ar"],"languages":{"en":{"title":true,"content":true,"excerpt":false},"fr":{"title":true,"content":true,"excerpt":false},"ru":{"title":true,"content":true,"excerpt":false},"tr":{"title":true,"content":true,"excerpt":false},"ar":{"title":true,"content":true,"excerpt":false}}},"_links":{"self":[{"href":"https:\/\/border21.com\/tr\/wp-json\/wp\/v2\/pages\/338","targetHints":{"allow":["GET"]}}],"collection":[{"href":"https:\/\/border21.com\/tr\/wp-json\/wp\/v2\/pages"}],"about":[{"href":"https:\/\/border21.com\/tr\/wp-json\/wp\/v2\/types\/page"}],"author":[{"embeddable":true,"href":"https:\/\/border21.com\/tr\/wp-json\/wp\/v2\/users\/1"}],"replies":[{"embeddable":true,"href":"https:\/\/border21.com\/tr\/wp-json\/wp\/v2\/comments?post=338"}],"version-history":[{"count":41,"href":"https:\/\/border21.com\/tr\/wp-json\/wp\/v2\/pages\/338\/revisions"}],"predecessor-version":[{"id":991,"href":"https:\/\/border21.com\/tr\/wp-json\/wp\/v2\/pages\/338\/revisions\/991"}],"up":[{"embeddable":true,"href":"https:\/\/border21.com\/tr\/wp-json\/wp\/v2\/pages\/21"}],"wp:attachment":[{"href":"https:\/\/border21.com\/tr\/wp-json\/wp\/v2\/media?parent=338"}],"curies":[{"name":"wp","href":"https:\/\/api.w.org\/{rel}","templated":true}]}}