{"id":336,"date":"2021-02-27T15:14:31","date_gmt":"2021-02-27T15:14:31","guid":{"rendered":"http:\/\/border21.com\/?page_id=336"},"modified":"2021-08-21T16:27:01","modified_gmt":"2021-08-21T16:27:01","slug":"profiling","status":"publish","type":"page","link":"https:\/\/border21.com\/tr\/training\/profiling","title":{"rendered":"Karakter Belirleme"},"content":{"rendered":"\n<p>Karakter belirleme; belirli kontrol aktivitelerinden yararlanan, deneyimlere ve bilinen niteliklere dayal\u0131 olarak, bir ki\u015fi, ara\u00e7, e\u015fya veya durum hakk\u0131nda sona \u00f6ng\u00f6r\u00fcm \u015feklinde anla\u015f\u0131labilir.<\/p>\n\n\n\n<p>Seyahat eden ki\u015fi veya yolcunun karakterinin belirlenmesi, potansiyel su\u00e7lu \u00f6\u011felerin veya sald\u0131rganlar\u0131n belirlenmesi i\u00e7in s\u0131n\u0131r kontrol memurlar\u0131na yard\u0131m etmeye y\u00f6nelik bir ara\u00e7t\u0131r.<\/p>\n\n\n\n<p>Kabahat i\u015fleyenlerin karakter belirlemesi, su\u00e7lu belirleme, su\u00e7lu karakteri belirleme, su\u00e7 bilimine g\u00f6re de\u011ferlendirme, davran\u0131\u015fsal belirleme veya su\u00e7 soru\u015fturma analizi olarak da bilinmektedir.<\/p>\n\n\n\n<p>Karakter belirleme teknikleri, ki\u015fi s\u0131n\u0131r\u0131 ge\u00e7erken belirli bir su\u00e7u veya bir yasad\u0131\u015f\u0131 fiili ya da \u00f6ng\u00f6r\u00fclebilir bir y\u00f6ntemde davran\u0131\u015f\u0131 i\u015fleme ihtimali bulundu\u011fu de\u011ferlendirilen bir \u015fah\u0131s olup olmad\u0131\u011f\u0131n\u0131 belirlemek i\u00e7in ki\u015fisel karakterlerin kontrol\u00fcn\u00fc i\u00e7erir.<\/p>\n\n\n\n<p><span style=\"color:#1c76bf\" class=\"has-inline-color\">border21<\/span> karakter belirleme teknikleri y\u00f6ntemiyle su\u00e7lular\u0131 belirlemek i\u00e7in yollar, y\u00f6ntemler ve kontrol tekniklerinin tan\u0131t\u0131m\u0131 hakk\u0131nda talep eden kanun uygulay\u0131c\u0131 te\u015fekk\u00fcllere destek sunar.<\/p>\n","protected":false},"excerpt":{"rendered":"<p>Karakter belirleme; belirli kontrol aktivitelerinden yararlanan, deneyimlere ve bilinen niteliklere dayal\u0131 olarak, bir ki\u015fi, ara\u00e7, e\u015fya veya durum hakk\u0131nda sona \u00f6ng\u00f6r\u00fcm \u015feklinde anla\u015f\u0131labilir. Seyahat eden ki\u015fi veya yolcunun karakterinin belirlenmesi, potansiyel su\u00e7lu \u00f6\u011felerin veya sald\u0131rganlar\u0131n belirlenmesi i\u00e7in s\u0131n\u0131r kontrol memurlar\u0131na<\/p>\n","protected":false},"author":1,"featured_media":0,"parent":21,"menu_order":0,"comment_status":"closed","ping_status":"closed","template":"","meta":{"footnotes":""},"class_list":["post-336","page","type-page","status-publish","hentry"],"translation":{"provider":"WPGlobus","version":"2.12.2","language":"tr","enabled_languages":["en","fr","ru","tr","ar"],"languages":{"en":{"title":true,"content":true,"excerpt":false},"fr":{"title":true,"content":true,"excerpt":false},"ru":{"title":true,"content":true,"excerpt":false},"tr":{"title":true,"content":true,"excerpt":false},"ar":{"title":true,"content":true,"excerpt":false}}},"_links":{"self":[{"href":"https:\/\/border21.com\/tr\/wp-json\/wp\/v2\/pages\/336","targetHints":{"allow":["GET"]}}],"collection":[{"href":"https:\/\/border21.com\/tr\/wp-json\/wp\/v2\/pages"}],"about":[{"href":"https:\/\/border21.com\/tr\/wp-json\/wp\/v2\/types\/page"}],"author":[{"embeddable":true,"href":"https:\/\/border21.com\/tr\/wp-json\/wp\/v2\/users\/1"}],"replies":[{"embeddable":true,"href":"https:\/\/border21.com\/tr\/wp-json\/wp\/v2\/comments?post=336"}],"version-history":[{"count":22,"href":"https:\/\/border21.com\/tr\/wp-json\/wp\/v2\/pages\/336\/revisions"}],"predecessor-version":[{"id":1006,"href":"https:\/\/border21.com\/tr\/wp-json\/wp\/v2\/pages\/336\/revisions\/1006"}],"up":[{"embeddable":true,"href":"https:\/\/border21.com\/tr\/wp-json\/wp\/v2\/pages\/21"}],"wp:attachment":[{"href":"https:\/\/border21.com\/tr\/wp-json\/wp\/v2\/media?parent=336"}],"curies":[{"name":"wp","href":"https:\/\/api.w.org\/{rel}","templated":true}]}}