{"id":334,"date":"2021-02-27T15:11:16","date_gmt":"2021-02-27T15:11:16","guid":{"rendered":"http:\/\/border21.com\/?page_id=334"},"modified":"2021-08-21T16:09:23","modified_gmt":"2021-08-21T16:09:23","slug":"management-leadership","status":"publish","type":"page","link":"https:\/\/border21.com\/tr\/training\/management-leadership","title":{"rendered":"Y\u00f6netim ve Liderlik"},"content":{"rendered":"\n<p>E\u011fitim kursu, s\u0131n\u0131r ve g\u00f6\u00e7 konular\u0131yla ilgili s\u0131n\u0131r te\u015fekk\u00fclleri ile di\u011fer kanun uygulay\u0131c\u0131 te\u015fekk\u00fcllerin \u00fcst d\u00fczey y\u00f6neticilerinin kapasitelerini art\u0131racakt\u0131r.<\/p>\n\n\n\n<p>E\u011fitim kursu kat\u0131l\u0131mc\u0131lara \u00e7ok de\u011fi\u015fik durumlarda uygulanacak farkl\u0131 liderlik teorilerinin analizini ve te\u015fkilatlar\u0131n y\u00f6netiminde liderli\u011fin rol\u00fcn\u00fcn i\u00e7 y\u00fcz\u00fcn\u00fc kavramay\u0131 edindirir.<\/p>\n\n\n\n<p>Bu e\u011fitimin kat\u0131l\u0131mc\u0131lar\u0131n\u0131n r\u00fctbesi Y\u00fczba\u015f\u0131dan ba\u015flayarak Albaya kadar veya siviller i\u00e7in bu r\u00fctbelere denk olmal\u0131d\u0131r.<\/p>\n\n\n\n<p><span style=\"color:#1c76bf\" class=\"has-inline-color\">border21<\/span> a\u015fa\u011f\u0131daki e\u011fitim alanlar\u0131nda kurslar organize etmekte ve e\u011fitimci sa\u011flamaktad\u0131r:<\/p>\n\n\n\n<ul class=\"wp-block-list\"><li>Liderlik tarzlar\u0131<\/li><li>Liderlik niteliklerinin analizi-Liderlik vas\u0131flar\u0131<\/li><li>Ki\u015fisel liderlik yetenekleri-uygulama ve geli\u015ftirme<\/li><li>\u0130nsanlar\u0131 motive etmek<\/li><li>Planlama ve performans<\/li><li>Konu\u015fma ve sunum<\/li><li>Etkile\u015fim ve aktif dinleme<\/li><li>A\u015fa\u011f\u0131dan yukar\u0131ya ve yukar\u0131dan a\u015fa\u011f\u0131ya bilgi ak\u0131\u015f\u0131<\/li><li>Te\u015fkilatlarda y\u00f6netim<\/li><\/ul>\n","protected":false},"excerpt":{"rendered":"<p>E\u011fitim kursu, s\u0131n\u0131r ve g\u00f6\u00e7 konular\u0131yla ilgili s\u0131n\u0131r te\u015fekk\u00fclleri ile di\u011fer kanun uygulay\u0131c\u0131 te\u015fekk\u00fcllerin \u00fcst d\u00fczey y\u00f6neticilerinin kapasitelerini art\u0131racakt\u0131r. E\u011fitim kursu kat\u0131l\u0131mc\u0131lara \u00e7ok de\u011fi\u015fik durumlarda uygulanacak farkl\u0131 liderlik teorilerinin analizini ve te\u015fkilatlar\u0131n y\u00f6netiminde liderli\u011fin rol\u00fcn\u00fcn i\u00e7 y\u00fcz\u00fcn\u00fc kavramay\u0131 edindirir. Bu<\/p>\n","protected":false},"author":1,"featured_media":0,"parent":21,"menu_order":0,"comment_status":"closed","ping_status":"closed","template":"","meta":{"footnotes":""},"class_list":["post-334","page","type-page","status-publish","hentry"],"translation":{"provider":"WPGlobus","version":"2.12.2","language":"tr","enabled_languages":["en","fr","ru","tr","ar"],"languages":{"en":{"title":true,"content":true,"excerpt":false},"fr":{"title":true,"content":true,"excerpt":false},"ru":{"title":true,"content":true,"excerpt":false},"tr":{"title":true,"content":true,"excerpt":false},"ar":{"title":true,"content":true,"excerpt":false}}},"_links":{"self":[{"href":"https:\/\/border21.com\/tr\/wp-json\/wp\/v2\/pages\/334","targetHints":{"allow":["GET"]}}],"collection":[{"href":"https:\/\/border21.com\/tr\/wp-json\/wp\/v2\/pages"}],"about":[{"href":"https:\/\/border21.com\/tr\/wp-json\/wp\/v2\/types\/page"}],"author":[{"embeddable":true,"href":"https:\/\/border21.com\/tr\/wp-json\/wp\/v2\/users\/1"}],"replies":[{"embeddable":true,"href":"https:\/\/border21.com\/tr\/wp-json\/wp\/v2\/comments?post=334"}],"version-history":[{"count":27,"href":"https:\/\/border21.com\/tr\/wp-json\/wp\/v2\/pages\/334\/revisions"}],"predecessor-version":[{"id":964,"href":"https:\/\/border21.com\/tr\/wp-json\/wp\/v2\/pages\/334\/revisions\/964"}],"up":[{"embeddable":true,"href":"https:\/\/border21.com\/tr\/wp-json\/wp\/v2\/pages\/21"}],"wp:attachment":[{"href":"https:\/\/border21.com\/tr\/wp-json\/wp\/v2\/media?parent=334"}],"curies":[{"name":"wp","href":"https:\/\/api.w.org\/{rel}","templated":true}]}}