{"id":332,"date":"2021-02-27T15:09:34","date_gmt":"2021-02-27T15:09:34","guid":{"rendered":"http:\/\/border21.com\/?page_id=332"},"modified":"2021-08-21T14:22:57","modified_gmt":"2021-08-21T14:22:57","slug":"green-and-blue-border-surveillance","status":"publish","type":"page","link":"https:\/\/border21.com\/tr\/training\/green-and-blue-border-surveillance","title":{"rendered":"Kara ve Deniz S\u0131n\u0131rlar\u0131n\u0131n Tarassudu"},"content":{"rendered":"\n<p>Kara ve Deniz S\u0131n\u0131rlar\u0131n\u0131n Tarassudu; kara ve deniz s\u0131n\u0131rlar\u0131nda kontrolden ka\u00e7arak seyahat \u00f6zg\u00fcrl\u00fc\u011f\u00fc b\u00f6lgelerine yasad\u0131\u015f\u0131 yoldan giri\u015f yapmak \u00fczere resmi hudut kap\u0131lar\u0131n\u0131n d\u0131\u015f\u0131ndaki mahalleri kullanan ki\u015fileri engellemek i\u00e7in resmi otoriteler taraf\u0131ndan y\u00fcr\u00fct\u00fclen b\u00fct\u00fcn faaliyetler ve operasyonlar anlam\u0131na gelir.<\/p>\n\n\n\n<p>Baz\u0131 \u00fclkeler, \u00f6zellikle da\u011fl\u0131k, sarp kara s\u0131n\u0131rlar\u0131, sert iklim ko\u015fullar\u0131 ve uzun deniz ve akarsu s\u0131n\u0131rlar\u0131na sahip olanlar yeterli kara ve deniz tarassudu sa\u011flamakta zorluklar ya\u015fayabilir.<\/p>\n\n\n\n<p>\u00dclkelerin s\u0131n\u0131rlar\u0131n\u0131n savunmas\u0131zl\u0131\u011f\u0131, di\u011ferlerine oranla nispeten yasad\u0131\u015f\u0131 ticaret mallar\u0131n\u0131n kendi topraklar\u0131 \u00fczerinden risksiz olarak transit ge\u00e7irilmesini m\u00fcmk\u00fcn k\u0131larak genel olarak b\u00f6lgesel g\u00fcvenli\u011fi etkiler ve s\u0131n\u0131rlar\u0131ndan gelip ge\u00e7mek isteyebilecek yaln\u0131zca yasad\u0131\u015f\u0131 g\u00f6\u00e7menler ve su\u00e7lular i\u00e7in de\u011fil ayn\u0131 zamanda ter\u00f6rist ve \u015fiddet yanl\u0131s\u0131 a\u015f\u0131r\u0131 u\u00e7lar i\u00e7in de potansiyel bir kontrols\u00fcz b\u00f6lge olu\u015fturur.<\/p>\n\n\n\n<p>Bu \u00fclkelerin g\u00fcvenli\u011fi, istikrar\u0131 ve emniyeti sa\u011flamak ve kar\u015f\u0131la\u015ft\u0131klar\u0131 zorluklara kar\u015f\u0131 kapasitelerini \u00f6nemli \u00f6l\u00e7\u00fcde geli\u015ftirmeye ihtiya\u00e7lar\u0131 vard\u0131r.<\/p>\n\n\n\n<p><span style=\"color:#1c76bf\" class=\"has-inline-color\">border21<\/span> kara ve deniz s\u0131n\u0131rlar\u0131n\u0131n g\u00f6zetlenme kapasitelerini geli\u015ftirme i\u00e7in bo\u015fluk analizleri ve de\u011ferlendirme ihtiya\u00e7lar\u0131 kapsam\u0131nda alan de\u011ferlendirmelerinin yap\u0131lmas\u0131 i\u00e7in teknik bilgi ve uzmanlar sa\u011flar.<\/p>\n\n\n\n<p><span style=\"color:#1c76bf\" class=\"has-inline-color\">border21<\/span> kurum i\u00e7i ve kurumlar aras\u0131 i\u015fbirli\u011fi, standart \u00e7al\u0131\u015fma y\u00f6nergeleri, y\u00f6netim\/idare ve kontrol, bilgi\/istihbarat toplama, e\u011fitim ve s\u00fcrekli \u00f6\u011frenimi iyile\u015ftirmek i\u00e7in \u00e7e\u015fitli s\u0131n\u0131r y\u00f6netim te\u015fekk\u00fclleri aras\u0131nda i\u015fbirli\u011fi mekanizmalar\u0131n\u0131n tesis edilmesini destekler.<\/p>\n\n\n\n<p><span style=\"color:#1c76bf\" class=\"has-inline-color\">border21<\/span> kom\u015fu \u00fclkelerle yak\u0131n i\u015fbirli\u011fi ve koordinasyon i\u00e7erisinde kara ve deniz s\u0131n\u0131rlar\u0131n\u0131n tarassudu i\u00e7in etkin ve verimli y\u00fcksek standart ve kontrol tedbirleri sistemlerinin hayata ge\u00e7irilmesini kolayla\u015ft\u0131r\u0131r.<\/p>\n","protected":false},"excerpt":{"rendered":"<p>Kara ve Deniz S\u0131n\u0131rlar\u0131n\u0131n Tarassudu; kara ve deniz s\u0131n\u0131rlar\u0131nda kontrolden ka\u00e7arak seyahat \u00f6zg\u00fcrl\u00fc\u011f\u00fc b\u00f6lgelerine yasad\u0131\u015f\u0131 yoldan giri\u015f yapmak \u00fczere resmi hudut kap\u0131lar\u0131n\u0131n d\u0131\u015f\u0131ndaki mahalleri kullanan ki\u015fileri engellemek i\u00e7in resmi otoriteler taraf\u0131ndan y\u00fcr\u00fct\u00fclen b\u00fct\u00fcn faaliyetler ve operasyonlar anlam\u0131na gelir. Baz\u0131 \u00fclkeler,<\/p>\n","protected":false},"author":1,"featured_media":0,"parent":21,"menu_order":0,"comment_status":"closed","ping_status":"closed","template":"","meta":{"footnotes":""},"class_list":["post-332","page","type-page","status-publish","hentry"],"translation":{"provider":"WPGlobus","version":"2.12.2","language":"tr","enabled_languages":["en","fr","ru","tr","ar"],"languages":{"en":{"title":true,"content":true,"excerpt":false},"fr":{"title":true,"content":true,"excerpt":false},"ru":{"title":true,"content":true,"excerpt":false},"tr":{"title":true,"content":true,"excerpt":false},"ar":{"title":true,"content":true,"excerpt":false}}},"_links":{"self":[{"href":"https:\/\/border21.com\/tr\/wp-json\/wp\/v2\/pages\/332","targetHints":{"allow":["GET"]}}],"collection":[{"href":"https:\/\/border21.com\/tr\/wp-json\/wp\/v2\/pages"}],"about":[{"href":"https:\/\/border21.com\/tr\/wp-json\/wp\/v2\/types\/page"}],"author":[{"embeddable":true,"href":"https:\/\/border21.com\/tr\/wp-json\/wp\/v2\/users\/1"}],"replies":[{"embeddable":true,"href":"https:\/\/border21.com\/tr\/wp-json\/wp\/v2\/comments?post=332"}],"version-history":[{"count":22,"href":"https:\/\/border21.com\/tr\/wp-json\/wp\/v2\/pages\/332\/revisions"}],"predecessor-version":[{"id":903,"href":"https:\/\/border21.com\/tr\/wp-json\/wp\/v2\/pages\/332\/revisions\/903"}],"up":[{"embeddable":true,"href":"https:\/\/border21.com\/tr\/wp-json\/wp\/v2\/pages\/21"}],"wp:attachment":[{"href":"https:\/\/border21.com\/tr\/wp-json\/wp\/v2\/media?parent=332"}],"curies":[{"name":"wp","href":"https:\/\/api.w.org\/{rel}","templated":true}]}}