{"id":330,"date":"2021-02-27T15:09:07","date_gmt":"2021-02-27T15:09:07","guid":{"rendered":"http:\/\/border21.com\/?page_id=330"},"modified":"2021-08-21T15:51:38","modified_gmt":"2021-08-21T15:51:38","slug":"trafficking-in-human-beings-thb","status":"publish","type":"page","link":"https:\/\/border21.com\/tr\/training\/trafficking-in-human-beings-thb","title":{"rendered":"\u0130nsan Ticareti"},"content":{"rendered":"\n<p>\u0130nsan ticareti, insan ka\u00e7ak\u00e7\u0131l\u0131\u011f\u0131ndan farkl\u0131d\u0131r!<\/p>\n\n\n\n<p>\u0130nsan ticareti, insano\u011flunun hileyle, ayartarak, bask\u0131yla veya ba\u015fka \u015fekillerde evinden veya \u00fclkesinden uzakla\u015ft\u0131r\u0131l\u0131p, daha sonra \u00f6demesiz veya d\u00fc\u015f\u00fck \u00f6demeyle ya da ciddi istismar ko\u015fullar\u0131 alt\u0131nda \u00e7al\u0131\u015ft\u0131r\u0131lmas\u0131 uygulamas\u0131d\u0131r. Bu uygulama k\u00f6leli\u011fin bir\u00e7ok \u00f6zeli\u011fine sahip olan ve bir\u00e7ok \u00fclkede yasad\u0131\u015f\u0131 kabul edilen insanlar\u0131n al\u0131\u015f veri\u015fi veya ticareti olarak de\u011ferlendirilir. \u0130nsan ticareti ma\u011fdurlar\u0131, fuhu\u015f, zorla \u00e7al\u0131\u015ft\u0131rma (ba\u011fl\u0131 i\u015f\u00e7i veya bor\u00e7 esareti d\u00e2hil) ve di\u011fer \u015fekillerdeki g\u00f6n\u00fcls\u00fcz k\u00f6lelik d\u00e2hil \u00e7e\u015fitli durumlarda kullan\u0131labilmektedir. Bebeklerin ve \u00e7ocuklar\u0131n evlat edinme veya di\u011fer ama\u00e7larla sat\u0131lmas\u0131 da o \u00e7ocuklar\u0131n ticareti olarak kabul edilir.<\/p>\n\n\n\n<p>\u0130nsan ka\u00e7ak\u00e7\u0131l\u0131\u011f\u0131 belli \u00fccret kar\u015f\u0131l\u0131\u011f\u0131 insanlar\u0131n g\u00f6n\u00fcll\u00fc ka\u00e7ak\u00e7\u0131l\u0131k servisi talep etmesi anlam\u0131na gelir ve orada yasad\u0131\u015f\u0131 s\u00f6zle\u015fmede kand\u0131rma belki s\u00f6z konusu de\u011fildir. Ka\u00e7\u0131r\u0131lan ki\u015fi kendi yolunu kendi ba\u015f\u0131na bulmas\u0131 i\u00e7in var\u0131\u015f noktas\u0131nda genellikle serbesttir.<\/p>\n\n\n\n<p>\u0130nsan ticareti ma\u011fdurunun ayr\u0131lmas\u0131na izin verilmez ve onu ka\u00e7\u0131ran veya ba\u015fkalar\u0131 i\u00e7in baz\u0131 istismara dayal\u0131 servis sa\u011flamas\u0131 veya \u00e7al\u0131\u015fmas\u0131 talep edilir. S\u00f6zle\u015fme \u00e7al\u0131\u015fma kontrat\u0131 gibi yap\u0131land\u0131r\u0131labilir, ancak hi\u00e7 \u00f6demesiz veya d\u00fc\u015f\u00fck \u00f6demelidir ya da y\u00fcksek derecede istismar ko\u015fullar\u0131ndad\u0131r.<\/p>\n\n\n\n<p>\u0130nsan ticareti, toplam y\u0131ll\u0131k yakla\u015f\u0131k 4 milyar Avrodan 8 milyar Avroya kadar gelir ile d\u00fcnyada en h\u0131zl\u0131 b\u00fcy\u00fcyen su\u00e7 end\u00fcstrisidir. Uluslar aras\u0131 s\u0131n\u0131rlar\u0131 a\u015fan insan ticaretinin etkin bir \u015fekilde hakk\u0131ndan gelinmesi i\u00e7in \u00fclkeler aras\u0131nda yak\u0131n i\u015fbirli\u011fi ve koordinasyon gerekmektedir.<\/p>\n\n\n\n<p><span style=\"color:#1c76bf\" class=\"has-inline-color\">border21<\/span> s\u0131n\u0131r te\u015fekk\u00fcllerinin ve di\u011fer s\u0131n\u0131r kontrol\u00fc ile ilgili kanun uygulay\u0131c\u0131 te\u015fekk\u00fcllerin kontrol personelinin hudut kap\u0131lar\u0131nda insan ticaretini tespit etmede operasyonel fark\u0131ndal\u0131\u011f\u0131n\u0131 art\u0131rmak i\u00e7in e\u011fitim program\u0131 \u00f6nerir.<\/p>\n\n\n\n<p><span style=\"color:#1c76bf\" class=\"has-inline-color\">border21<\/span> \u2019s te\u015fekk\u00fcl\u00fcn\u00fcn y\u00fcksek d\u00fczeyde kalifiye uzmanlar\u0131, Avrupa Birli\u011fi taraf\u0131ndan onaylanm\u0131\u015f e\u011fitim kitap\u00e7\u0131klar\u0131n\u0131 esas al\u0131r; e\u011fitim notlar\u0131 e\u011fitim kursunun oldu\u011fu yerin ulusal dilinde terc\u00fcme edilmi\u015f \u015fekilde sunulacakt\u0131r.<\/p>\n\n\n\n<p>Bu e\u011fitim sahtecilik yap\u0131lm\u0131\u015f seyahat belgelerinin tan\u0131nmas\u0131 ve karakter belirleme\/tarama konular\u0131nda tamamlay\u0131c\u0131 olabilir ve <span style=\"color:#1c76bf\" class=\"has-inline-color\">border21<\/span> uzmanlar\u0131n\u0131n sa\u011flad\u0131\u011f\u0131 daha \u00f6nceki e\u011fitim \u00fczerine in\u015fa edilebilir.<\/p>\n","protected":false},"excerpt":{"rendered":"<p>\u0130nsan ticareti, insan ka\u00e7ak\u00e7\u0131l\u0131\u011f\u0131ndan farkl\u0131d\u0131r! \u0130nsan ticareti, insano\u011flunun hileyle, ayartarak, bask\u0131yla veya ba\u015fka \u015fekillerde evinden veya \u00fclkesinden uzakla\u015ft\u0131r\u0131l\u0131p, daha sonra \u00f6demesiz veya d\u00fc\u015f\u00fck \u00f6demeyle ya da ciddi istismar ko\u015fullar\u0131 alt\u0131nda \u00e7al\u0131\u015ft\u0131r\u0131lmas\u0131 uygulamas\u0131d\u0131r. Bu uygulama k\u00f6leli\u011fin bir\u00e7ok \u00f6zeli\u011fine sahip olan ve<\/p>\n","protected":false},"author":1,"featured_media":0,"parent":21,"menu_order":0,"comment_status":"closed","ping_status":"closed","template":"","meta":{"footnotes":""},"class_list":["post-330","page","type-page","status-publish","hentry"],"translation":{"provider":"WPGlobus","version":"2.12.2","language":"tr","enabled_languages":["en","fr","ru","tr","ar"],"languages":{"en":{"title":true,"content":true,"excerpt":false},"fr":{"title":true,"content":true,"excerpt":false},"ru":{"title":true,"content":true,"excerpt":false},"tr":{"title":true,"content":true,"excerpt":false},"ar":{"title":true,"content":true,"excerpt":false}}},"_links":{"self":[{"href":"https:\/\/border21.com\/tr\/wp-json\/wp\/v2\/pages\/330","targetHints":{"allow":["GET"]}}],"collection":[{"href":"https:\/\/border21.com\/tr\/wp-json\/wp\/v2\/pages"}],"about":[{"href":"https:\/\/border21.com\/tr\/wp-json\/wp\/v2\/types\/page"}],"author":[{"embeddable":true,"href":"https:\/\/border21.com\/tr\/wp-json\/wp\/v2\/users\/1"}],"replies":[{"embeddable":true,"href":"https:\/\/border21.com\/tr\/wp-json\/wp\/v2\/comments?post=330"}],"version-history":[{"count":22,"href":"https:\/\/border21.com\/tr\/wp-json\/wp\/v2\/pages\/330\/revisions"}],"predecessor-version":[{"id":932,"href":"https:\/\/border21.com\/tr\/wp-json\/wp\/v2\/pages\/330\/revisions\/932"}],"up":[{"embeddable":true,"href":"https:\/\/border21.com\/tr\/wp-json\/wp\/v2\/pages\/21"}],"wp:attachment":[{"href":"https:\/\/border21.com\/tr\/wp-json\/wp\/v2\/media?parent=330"}],"curies":[{"name":"wp","href":"https:\/\/api.w.org\/{rel}","templated":true}]}}