{"id":33,"date":"2021-02-23T12:50:30","date_gmt":"2021-02-23T12:50:30","guid":{"rendered":"http:\/\/border21.com\/?page_id=33"},"modified":"2021-08-18T12:54:26","modified_gmt":"2021-08-18T12:54:26","slug":"contact","status":"publish","type":"page","link":"https:\/\/border21.com\/tr\/contact","title":{"rendered":"ba\u011flant\u0131"},"content":{"rendered":"\n<h1 class=\"has-text-color wp-block-heading\" style=\"color:#a89e6e\">ba\u011flant\u0131<\/h1>\n\n\n\n<p><strong>Johann Wagner Ph.D.<br><\/strong>\u00dcst D\u00fczey Dan\u0131\u015fman<br><br><a href=\"javascript:linkTo_UnCryptMailto('nbjmup+kpiboo\/xbhofsAcpsefs32\/dpn');\">johann.wagner@border21.com<\/a>\n<\/br><a href=\"mailto:office@border21.com\">office@border21.com<\/a>\n<br><br>skype: borderpool<\/p>\n\n\n\n<h1 class=\"has-text-color wp-block-heading\" style=\"color:#a89e6e\">sorumluluk reddi<\/h1>\n\n\n\n<p>D\u0131\u015f ba\u011flant\u0131lar\u0131 \u00e7ok dikkatli g\u00f6zlemlemekle birlikte, onlar\u0131n i\u00e7erikleri hakk\u0131nda biz sorumlu tutulamay\u0131z.&nbsp;&nbsp;<\/p>\n\n\n\n<p>Ba\u011flant\u0131l\u0131 sayfalar\u0131&nbsp;sunanlar i\u00e7erikleri konusunda&nbsp;yegane sorumludur.<\/p>\n\n\n\n<\/br><\/br><\/br>\n","protected":false},"excerpt":{"rendered":"<p>ba\u011flant\u0131 Johann Wagner Ph.D.\u00dcst D\u00fczey Dan\u0131\u015fman johann.wagner@border21.com office@border21.com skype: borderpool sorumluluk reddi D\u0131\u015f ba\u011flant\u0131lar\u0131 \u00e7ok dikkatli g\u00f6zlemlemekle birlikte, onlar\u0131n i\u00e7erikleri hakk\u0131nda biz sorumlu tutulamay\u0131z.&nbsp;&nbsp; Ba\u011flant\u0131l\u0131 sayfalar\u0131&nbsp;sunanlar i\u00e7erikleri konusunda&nbsp;yegane sorumludur.<\/p>\n","protected":false},"author":1,"featured_media":0,"parent":0,"menu_order":6,"comment_status":"closed","ping_status":"closed","template":"","meta":{"footnotes":""},"class_list":["post-33","page","type-page","status-publish","hentry"],"translation":{"provider":"WPGlobus","version":"2.12.2","language":"tr","enabled_languages":["en","fr","ru","tr","ar"],"languages":{"en":{"title":true,"content":true,"excerpt":false},"fr":{"title":true,"content":true,"excerpt":false},"ru":{"title":true,"content":true,"excerpt":false},"tr":{"title":true,"content":true,"excerpt":false},"ar":{"title":true,"content":true,"excerpt":false}}},"_links":{"self":[{"href":"https:\/\/border21.com\/tr\/wp-json\/wp\/v2\/pages\/33","targetHints":{"allow":["GET"]}}],"collection":[{"href":"https:\/\/border21.com\/tr\/wp-json\/wp\/v2\/pages"}],"about":[{"href":"https:\/\/border21.com\/tr\/wp-json\/wp\/v2\/types\/page"}],"author":[{"embeddable":true,"href":"https:\/\/border21.com\/tr\/wp-json\/wp\/v2\/users\/1"}],"replies":[{"embeddable":true,"href":"https:\/\/border21.com\/tr\/wp-json\/wp\/v2\/comments?post=33"}],"version-history":[{"count":49,"href":"https:\/\/border21.com\/tr\/wp-json\/wp\/v2\/pages\/33\/revisions"}],"predecessor-version":[{"id":669,"href":"https:\/\/border21.com\/tr\/wp-json\/wp\/v2\/pages\/33\/revisions\/669"}],"wp:attachment":[{"href":"https:\/\/border21.com\/tr\/wp-json\/wp\/v2\/media?parent=33"}],"curies":[{"name":"wp","href":"https:\/\/api.w.org\/{rel}","templated":true}]}}