{"id":312,"date":"2021-02-27T14:46:19","date_gmt":"2021-02-27T14:46:19","guid":{"rendered":"http:\/\/border21.com\/?page_id=312"},"modified":"2021-08-21T14:29:55","modified_gmt":"2021-08-21T14:29:55","slug":"fight-against-international-car-theft","status":"publish","type":"page","link":"https:\/\/border21.com\/tr\/training\/fight-against-international-car-theft","title":{"rendered":"Uluslar aras\u0131 araba h\u0131rs\u0131zl\u0131\u011f\u0131na kar\u015f\u0131 m\u00fccadele"},"content":{"rendered":"\n<p>Motorlu ta\u015f\u0131tlarla ilgili su\u00e7lar<a href=\"#erstens\">[1]<\/a> k\u00fcresel toplumu etkileyen \u00f6nemli bir organize su\u00e7 faaliyetidir. Bunun \u00e7o\u011funlukla organize su\u00e7larla ve ter\u00f6rle ba\u011flant\u0131l\u0131 oldu\u011fu a\u00e7\u0131k\u00e7a ortaya konmu\u015ftur. Arabalar yaln\u0131zca ki\u015filerin \u015fahsi talepleri kar\u015f\u0131lamak i\u00e7in de\u011fil, bazen ba\u015fka su\u00e7lar\u0131 finanse etmek i\u00e7in ka\u00e7\u0131r\u0131lmaktad\u0131r. Bunlar ayn\u0131 zamanda di\u011fer yasad\u0131\u015f\u0131 mallar\u0131n ka\u00e7ak\u00e7\u0131l\u0131\u011f\u0131nda veya bir\u00e7ok di\u011fer su\u00e7lar\u0131n haz\u0131rl\u0131\u011f\u0131nda kullan\u0131labilir.<\/p>\n\n\n\n<p>Bu e\u011fitim araba h\u0131rs\u0131zl\u0131\u011f\u0131 su\u00e7una kar\u015f\u0131 m\u00fccadelede s\u0131n\u0131r te\u015fekk\u00fcllerinin operasyonel kapasitelerini geli\u015ftirmeye yard\u0131mc\u0131 olmay\u0131 ama\u00e7lamaktad\u0131r. \u00d6zellikle alanda \u00e7al\u0131\u015fan s\u0131n\u0131r g\u00f6revlilerinin \u00e7al\u0131nt\u0131 ara\u00e7lar\u0131 tespit etme konusunda bilgi ve yeteneklerini artt\u0131rmaya y\u00f6neliktir.<\/p>\n\n\n\n<p><span style=\"color:#1c76bf\" class=\"has-inline-color\">border21<\/span> uluslar aras\u0131 araba h\u0131rs\u0131zl\u0131\u011f\u0131na kar\u015f\u0131 m\u00fccadele etme ve bunu \u00f6nleme i\u00e7in ilgili s\u0131n\u0131r te\u015fekk\u00fcllerinin kurumsal kapasitelerinin g\u00fc\u00e7lendirilmesi konular\u0131nda destek verir.<\/p>\n\n\n\n<p><span style=\"color:#1c76bf\" class=\"has-inline-color\">border21<\/span> en iyi uygulamalar\u0131n payla\u015f\u0131lmas\u0131 amac\u0131yla e\u011fitim planlar\u0131 ve m\u00fcfredat\u0131 geli\u015ftirtmesi ve hayata ge\u00e7irilmesi konusunda teknik destek sa\u011flar.<\/p>\n\n\n\n<p><span style=\"color:#1c76bf\" class=\"has-inline-color\">border21<\/span> uluslar aras\u0131 araba h\u0131rs\u0131zl\u0131\u011f\u0131na kar\u015f\u0131 daha etkin m\u00fccadele konusunda kanun uygulay\u0131c\u0131 te\u015fekk\u00fcllerin kapasitelerinin art\u0131r\u0131lmas\u0131 i\u00e7in \u00e7ok y\u00f6nl\u00fc proje faaliyetlerini kolayla\u015ft\u0131r\u0131r.<\/p>\n\n\n\n<p><span style=\"color:#1c76bf\" class=\"has-inline-color\">border21<\/span> gerek uluslar aras\u0131, gerek te\u015fkilat i\u00e7i ve gerekse te\u015fkilatlar aras\u0131 etkile\u015fimi ve bilgi payla\u015f\u0131m\u0131n\u0131 geli\u015ftirmek i\u00e7in b\u00fct\u00fcn s\u0131n\u0131rla ilgili kanun uygulay\u0131c\u0131 te\u015fekk\u00fcllerin entegre olmas\u0131n\u0131 sa\u011flar.<\/p>\n\n\n\n<p><span style=\"color:#1c76bf\" class=\"has-inline-color\">border21<\/span> Avrupa Ara\u00e7 Tan\u0131mlama Veri Taban\u0131 (EuVID) ile ilgili olarak Avrupa Birli\u011fi \u00fcye devletlerinin kanun uygulay\u0131c\u0131 kurumlar\u0131ndan uluslar aras\u0131 uzman ve e\u011fitimci sa\u011flar.<\/p>\n\n\n\n<p><span style=\"color:#1c76bf\" class=\"has-inline-color\">border21<\/span> uluslar aras\u0131 \u00e7al\u0131nt\u0131 ara\u00e7lara kar\u015f\u0131 m\u00fccadele i\u00e7in d\u00f6rt ana alanda destek sunar:<\/p>\n\n\n\n<ul class=\"wp-block-list\"><li>Talep eden kanun uygulay\u0131c\u0131 birimlere, \u00e7al\u0131nt\u0131 ve ka\u00e7ak ara\u00e7lar\u0131 tan\u0131ma ve soru\u015fturma i\u00e7in yeni kontrol tekniklerini, prosed\u00fcrlerini ve yollar\u0131n\u0131 tan\u0131tma konusunda destek sa\u011flama ve kolayla\u015ft\u0131rma;<\/li><li>Ayn\u0131 do\u011frultuda, \u00e7ok kapsaml\u0131 \u015fekilde ara\u00e7lar\u0131n \u00fcretimini anlamaya y\u00f6nelik teknik verme;<\/li><li>\u00dclkeleri, b\u00fct\u00fcn \u00e7al\u0131nt\u0131 ara\u00e7lar ve belgeleri \u0130nterpol\u2019e rapor etme, ayn\u0131 zamanda da hudut kap\u0131lar\u0131nda teknik zemini olu\u015fturmay\u0131 destekleyerek \u00f6n planda \u00e7al\u0131\u015fan kanun uygulay\u0131c\u0131 memurlara Interpol\u2019le e\u015f zamanl\u0131 veri taban\u0131 ba\u011flant\u0131s\u0131 imkan\u0131 sa\u011flamay\u0131 te\u015fvik etme; ve<\/li><li>\u00c7al\u0131nt\u0131 ve ka\u00e7ak ara\u00e7lar\u0131n tespitinde bilgi ve g\u00fcncel e\u011filimlerin payla\u015f\u0131m\u0131 konusunda b\u00f6lgesel i\u015fbirli\u011fini geli\u015ftirme<\/li><\/ul>\n\n\n<hr style=\"border:#1c76bf solid 1px;\">\n\n\n<p><em id=\"erstens\">[1]<\/em> Avrupa Birli\u011fi Kolluk Ajans\u0131na g\u00f6re: \u201cMotorlu Ara\u00e7 Su\u00e7u\u201d h\u0131rs\u0131zl\u0131k veya emniyeti suiistimal yoluyla motorlu ara\u00e7lar, kamyonlar ve kamyonetler ile bunlar\u0131n y\u00fckleri, otob\u00fcsler, motosikletler, karavanlar ve zirai tar\u0131m ara\u00e7lar\u0131, i\u015f makineleri ve bu ara\u00e7lar\u0131n yedek par\u00e7alar\u0131 \u00e7almak, bu maddeleri almak ve gizlemek anlam\u0131na gelir.<\/p>\n","protected":false},"excerpt":{"rendered":"<p>Motorlu ta\u015f\u0131tlarla ilgili su\u00e7lar[1] k\u00fcresel toplumu etkileyen \u00f6nemli bir organize su\u00e7 faaliyetidir. Bunun \u00e7o\u011funlukla organize su\u00e7larla ve ter\u00f6rle ba\u011flant\u0131l\u0131 oldu\u011fu a\u00e7\u0131k\u00e7a ortaya konmu\u015ftur. Arabalar yaln\u0131zca ki\u015filerin \u015fahsi talepleri kar\u015f\u0131lamak i\u00e7in de\u011fil, bazen ba\u015fka su\u00e7lar\u0131 finanse etmek i\u00e7in ka\u00e7\u0131r\u0131lmaktad\u0131r. Bunlar ayn\u0131<\/p>\n","protected":false},"author":1,"featured_media":0,"parent":21,"menu_order":0,"comment_status":"closed","ping_status":"closed","template":"","meta":{"footnotes":""},"class_list":["post-312","page","type-page","status-publish","hentry"],"translation":{"provider":"WPGlobus","version":"2.12.2","language":"tr","enabled_languages":["en","fr","ru","tr","ar"],"languages":{"en":{"title":true,"content":true,"excerpt":false},"fr":{"title":true,"content":true,"excerpt":false},"ru":{"title":true,"content":true,"excerpt":false},"tr":{"title":true,"content":true,"excerpt":false},"ar":{"title":true,"content":true,"excerpt":false}}},"_links":{"self":[{"href":"https:\/\/border21.com\/tr\/wp-json\/wp\/v2\/pages\/312","targetHints":{"allow":["GET"]}}],"collection":[{"href":"https:\/\/border21.com\/tr\/wp-json\/wp\/v2\/pages"}],"about":[{"href":"https:\/\/border21.com\/tr\/wp-json\/wp\/v2\/types\/page"}],"author":[{"embeddable":true,"href":"https:\/\/border21.com\/tr\/wp-json\/wp\/v2\/users\/1"}],"replies":[{"embeddable":true,"href":"https:\/\/border21.com\/tr\/wp-json\/wp\/v2\/comments?post=312"}],"version-history":[{"count":62,"href":"https:\/\/border21.com\/tr\/wp-json\/wp\/v2\/pages\/312\/revisions"}],"predecessor-version":[{"id":913,"href":"https:\/\/border21.com\/tr\/wp-json\/wp\/v2\/pages\/312\/revisions\/913"}],"up":[{"embeddable":true,"href":"https:\/\/border21.com\/tr\/wp-json\/wp\/v2\/pages\/21"}],"wp:attachment":[{"href":"https:\/\/border21.com\/tr\/wp-json\/wp\/v2\/media?parent=312"}],"curies":[{"name":"wp","href":"https:\/\/api.w.org\/{rel}","templated":true}]}}