{"id":24,"date":"2021-02-23T12:40:55","date_gmt":"2021-02-23T12:40:55","guid":{"rendered":"http:\/\/border21.com\/?page_id=24"},"modified":"2021-08-21T07:28:47","modified_gmt":"2021-08-21T07:28:47","slug":"about-us","status":"publish","type":"page","link":"https:\/\/border21.com\/tr\/about-us","title":{"rendered":"hakk\u0131m\u0131zda"},"content":{"rendered":"\n<h1 class=\"has-text-color wp-block-heading\" style=\"color:#a89e6e\">Johann Wagner Ph.D. <\/h1>\n\n\n\n<div class=\"wp-block-image\"><figure class=\"alignleft size-full\"><img loading=\"lazy\" decoding=\"async\" width=\"282\" height=\"282\" src=\"https:\/\/border21.com\/wp-content\/uploads\/2021\/08\/J_Wagner-klein.jpg\" alt=\"\" class=\"wp-image-808\" srcset=\"https:\/\/border21.com\/wp-content\/uploads\/2021\/08\/J_Wagner-klein.jpg 282w, https:\/\/border21.com\/wp-content\/uploads\/2021\/08\/J_Wagner-klein-150x150.jpg 150w, https:\/\/border21.com\/wp-content\/uploads\/2021\/08\/J_Wagner-klein-230x230.jpg 230w\" sizes=\"auto, (max-width: 282px) 100vw, 282px\" \/><\/figure><\/div>\n\n\n\n<p>35 y\u0131l\u0131 a\u015fk\u0131n mesleki deneyime sahip olan Dr. Wagner, stratejik g\u00fcvenlik y\u00f6netimi, hukukun \u00fcst\u00fcnl\u00fc\u011f\u00fc, idare hukuku, polis y\u00f6netimi ve liderlik, entegre s\u0131n\u0131r y\u00f6netimi, de\u011ferlendirme ve izleme, y\u00f6netim ve koordinasyon, de\u011fi\u015fim y\u00f6netimi ve g\u00fcvenlik sekt\u00f6r\u00fc reform s\u00fcre\u00e7leri alanlar\u0131nda kan\u0131tlanm\u0131\u015f akademik yeterlili\u011fe ve profesyonel uzmanl\u0131\u011fa sahiptir. 2001 y\u0131l\u0131nda Bavyera&#8217;da kamu y\u00f6netimi hukuku, polis y\u00f6netimi ve liderlik alanlar\u0131nda Polis Hizmetleri Uygulamal\u0131 Bilimler \u00dcniversitesi&#8217;nden mezun oldu. Bu deneyimi, 2013&#8217;te Avusturya Viyana Uygulamal\u0131 Bilimler \u00dcniversitesi&#8217;nde (Wiener Neustadt), stratejik g\u00fcvenlik y\u00f6netimi alan\u0131nda y\u00fcksek lisans derecesi (ayr\u0131cal\u0131kl\u0131) ve 2019&#8217;da \u0130ngiltere&#8217;deki Sheffield Hallam \u00dcniversitesi&#8217;nde doktora derecesi alarak peki\u015ftirdi.<br><\/p>\n\n\n\n<p>1998&#8217;den bu yana, AB e\u015fle\u015ftirme projelerinde yerle\u015fik e\u015fle\u015ftirme dan\u0131\u015fman\u0131 ve bile\u015fen lideri, ekip lideri ve AB d\u0131\u015f\u0131 \u00fclkelerin bakanl\u0131klar\u0131nda k\u0131demli dan\u0131\u015fman, ayn\u0131 zamanda AB, AG\u0130T, UNOCT ve NATO taraf\u0131ndan finanse edilen \u00e7e\u015fitli g\u00fcvenlik sekt\u00f6r\u00fc reform projelerinin ba\u015far\u0131l\u0131 bir \u015fekilde uygulanmas\u0131 i\u00e7in uluslararas\u0131 kurulu\u015flarda birim ba\u015fkan\u0131 ve ba\u015f dan\u0131\u015fman olarak g\u00f6rev yapt\u0131. Ayr\u0131ca, AB d\u0131\u015f\u0131 devlet bakanl\u0131klar\u0131 ve bunlar\u0131n kamu idari sistemleri, s\u0131n\u0131r polisi ve s\u0131n\u0131r koruma hizmetleri, ceza adaleti sistemleri ve kolluk kuvvetleri kurumlar\u0131n\u0131n reform s\u00fcre\u00e7leri ile Akdeniz sahil g\u00fcvenlik hizmetlerinde uzmanl\u0131k sa\u011flad\u0131<br><\/p>\n\n\n<p>2018&#8217;den 2019&#8217;a kadar Br\u00fcksel&#8217;deki NATO Ter\u00f6rle M\u00fccadele \u015eubesi&#8217;nin ter\u00f6rle m\u00fccadele ve yabanc\u0131 ter\u00f6rist sava\u015f\u00e7\u0131lar ile ilgili s\u0131n\u0131r g\u00fcvenli\u011fi ve y\u00f6netimi ile ilgili konularda ve Orta Do\u011fu&#8217;daki uluslararas\u0131 organize su\u00e7larla m\u00fccadelede K\u0131demli Dan\u0131\u015fman olarak g\u00f6rev yapt\u0131.<\/p>\n<p>\t2015-2017 y\u0131llar\u0131 aras\u0131nda New York&#8217;taki BM Ter\u00f6rle M\u00fccadele Merkezi&#8217;nde Ba\u015f Dan\u0131\u015fman olarak \u00e7al\u0131\u015ft\u0131. Ter\u00f6rle m\u00fccadele ve yabanc\u0131 ter\u00f6rist sava\u015f\u00e7\u0131lar ile ilgili t\u00fcm s\u0131n\u0131r g\u00fcvenli\u011fi ve y\u00f6netimi ile ilgili konularda ve \u00dcye Devletler i\u00e7in uluslararas\u0131 organize su\u00e7larla m\u00fccadele konusunda k\u0131demli uzmanl\u0131k yapt\u0131.<\/p>\n<p>2005-2009 y\u0131llar\u0131 aras\u0131nda Viyana&#8217;daki AG\u0130T Sekreterli\u011fi b\u00fcnyesinde K\u0131demli S\u0131n\u0131r Dan\u0131\u015fman\u0131 olarak g\u00f6rev yapt\u0131. AG\u0130T\u2019in ilgi alan\u0131ndaki t\u00fcm s\u0131n\u0131r g\u00fcvenli\u011fi ve y\u00f6netimi ile ilgili meselelerin yan\u0131 s\u0131ra BM departmanlar\u0131 ile i\u015fbirli\u011finde odak noktas\u0131 olarak hareket etti.<\/p>\n<p>\t\tAyr\u0131ca, yukar\u0131da bahsi ge\u00e7en tematik alanlardaki ilgili mevzuat\u0131n yan\u0131 s\u0131ra ulusal strateji ve eylem planlar\u0131n\u0131 g\u00f6zden ge\u00e7irip analiz ederek devlet yetkililerine yard\u0131mc\u0131 oldu. Orta ve G\u00fcneydo\u011fu Avrupa \u00fclkeleri ile T\u00fcrkiye ve Orta Do\u011fu&#8217;da AB i\u00e7in bir dizi kapsaml\u0131 risk analizi de\u011ferlendirmesi geli\u015ftirdi. Ayr\u0131ca, Afganistan ve G\u00fcney Do\u011fu Asya&#8217;daki UNODC&#8217;nin yan\u0131 s\u0131ra Afrika Boynuzu ve Sahel b\u00f6lgesi ile Ma\u011frip \u00fclkelerinde UNOCT i\u00e7in k\u0131demli uzman olarak g\u00f6rev yapt\u0131.<\/p>\n<p>\tDr. Wagner, kapsaml\u0131 kolluk kuvvetleri stratejileri ve eylem i\u00e7in operasyonel planlar geli\u015ftirmede olduk\u00e7a nitelikli bir k\u0131demli uzmand\u0131r. Kurum i\u00e7i, kurumlar aras\u0131 i\u015fbirli\u011fi ve AB m\u00fcktesebat\u0131 ile uluslararas\u0131 standartlar ve s\u00f6zle\u015fmelerle uyumlu uluslararas\u0131 i\u015fbirli\u011fi konular\u0131nda en iyi uygulamalar konusunda bilgilidir. Ayr\u0131ca, etkili kolluk kuvvetleri ve ceza adaleti, entegre s\u0131n\u0131r y\u00f6netimi ve g\u00f6zetim faaliyetleri ile ilgili standartlar\u0131 geli\u015ftirmek i\u00e7in gerekli olan lojistik ve BT \u00e7er\u00e7eveleri hakk\u0131nda yeterli bilgiye ve ayr\u0131ca emir, \u00e7al\u0131\u015fma prosed\u00fcrleri ve standart i\u015fletim prosed\u00fcrleri haz\u0131rlama konusunda tecr\u00fcbeye sahiptir.<\/p>\n<p>\t\tOperasyon y\u00f6netimi performans \u00e7er\u00e7evelerinde ve kolluk kuvvetlerinin operasyonlar\u0131n\u0131n performans\u0131n\u0131 denetlemede \u00e7ok deneyimlidir. Repertuar\u0131nda, sa\u011flam ortakl\u0131k becerileri ile ortaklar ve payda\u015flarla etkili bir \u015fekilde ileti\u015fim kurma becerisi vard\u0131r. Etkili ve modern risk analizi teknikleri konusunda m\u00fckemmel bilgiye ve s\u0131n\u0131r \u00f6tesi su\u00e7 soru\u015fturmalar\u0131n\u0131n y\u00f6netiminde kapsaml\u0131 deneyime sahiptir.<\/p>\n<p>Yukar\u0131dakilere ek olarak, Dr. Wagner kolluk kuvvetleri personeline e\u011fitim vermekte ve rehberlik yapmaktad\u0131r. M\u00fckemmel ileti\u015fim becerileri ve ekip liderli\u011fi yetene\u011fiyle isim yapm\u0131\u015ft\u0131r. \u00c7e\u015fitlilik ve e\u015fitlik konusuna \u00f6nem vermektedir.<\/p>\n<p><!-- \/wp:post-content --><\/p>","protected":false},"excerpt":{"rendered":"<p>Johann Wagner Ph.D. 35 y\u0131l\u0131 a\u015fk\u0131n mesleki deneyime sahip olan Dr. Wagner, stratejik g\u00fcvenlik y\u00f6netimi, hukukun \u00fcst\u00fcnl\u00fc\u011f\u00fc, idare hukuku, polis y\u00f6netimi ve liderlik, entegre s\u0131n\u0131r y\u00f6netimi, de\u011ferlendirme ve izleme, y\u00f6netim ve koordinasyon, de\u011fi\u015fim y\u00f6netimi ve g\u00fcvenlik sekt\u00f6r\u00fc reform s\u00fcre\u00e7leri alanlar\u0131nda<\/p>\n","protected":false},"author":1,"featured_media":0,"parent":0,"menu_order":5,"comment_status":"closed","ping_status":"closed","template":"","meta":{"footnotes":""},"class_list":["post-24","page","type-page","status-publish","hentry"],"translation":{"provider":"WPGlobus","version":"2.12.2","language":"tr","enabled_languages":["en","fr","ru","tr","ar"],"languages":{"en":{"title":true,"content":true,"excerpt":false},"fr":{"title":true,"content":true,"excerpt":false},"ru":{"title":true,"content":true,"excerpt":false},"tr":{"title":true,"content":true,"excerpt":false},"ar":{"title":true,"content":true,"excerpt":false}}},"_links":{"self":[{"href":"https:\/\/border21.com\/tr\/wp-json\/wp\/v2\/pages\/24","targetHints":{"allow":["GET"]}}],"collection":[{"href":"https:\/\/border21.com\/tr\/wp-json\/wp\/v2\/pages"}],"about":[{"href":"https:\/\/border21.com\/tr\/wp-json\/wp\/v2\/types\/page"}],"author":[{"embeddable":true,"href":"https:\/\/border21.com\/tr\/wp-json\/wp\/v2\/users\/1"}],"replies":[{"embeddable":true,"href":"https:\/\/border21.com\/tr\/wp-json\/wp\/v2\/comments?post=24"}],"version-history":[{"count":65,"href":"https:\/\/border21.com\/tr\/wp-json\/wp\/v2\/pages\/24\/revisions"}],"predecessor-version":[{"id":813,"href":"https:\/\/border21.com\/tr\/wp-json\/wp\/v2\/pages\/24\/revisions\/813"}],"wp:attachment":[{"href":"https:\/\/border21.com\/tr\/wp-json\/wp\/v2\/media?parent=24"}],"curies":[{"name":"wp","href":"https:\/\/api.w.org\/{rel}","templated":true}]}}