{"id":21,"date":"2021-02-23T12:38:33","date_gmt":"2021-02-23T12:38:33","guid":{"rendered":"http:\/\/border21.com\/?page_id=21"},"modified":"2021-08-27T09:36:29","modified_gmt":"2021-08-27T09:36:29","slug":"training","status":"publish","type":"page","link":"https:\/\/border21.com\/tr\/training","title":{"rendered":"e\u011fitim"},"content":{"rendered":"\n<h1 class=\"has-text-color wp-block-heading\" style=\"color:#a89e6e\">\u0130leri D\u00fczey E\u011fitim<\/h1>\n\n\n\n<p><span style=\"color:#1c76bf\" class=\"has-inline-color\">border21<\/span> uluslararas\u0131 \u00f6\u011fretim standartlar\u0131na uygun yeni e\u011fitim mod\u00fcllerinin geli\u015ftirilmesi ve uygulanmas\u0131nda ortaklara uzmanl\u0131\u011f\u0131n\u0131 sunmakta, i\u015f ba\u015f\u0131 e\u011fitim ve bilgi aktar\u0131m\u0131 i\u00e7in AB \u00dcye Devletlerine \u00e7al\u0131\u015fma ziyaretlerini kolayla\u015ft\u0131rmaktad\u0131r.<\/p>\n\n\n\n<p><span style=\"color:#1c76bf\" class=\"has-inline-color\">border21<\/span> kolluk kuvvetleri ve ceza adaleti, kurum ve kapasite geli\u015ftirme, emniyet y\u00f6netimi ve liderli\u011fi, entegre s\u0131n\u0131r y\u00f6netimi, g\u00f6\u00e7 y\u00f6netimi ve iltica, yolsuzlukla m\u00fccadele, cinsiyet ve \u00e7e\u015fitlilik ile ilgili kapasiteleri geli\u015ftirme konusunda \u00f6nemli yetkinliklere sahiptir ve bu konuda sahip oldu\u011fu uzmanl\u0131\u011f\u0131n\u0131 sunmaktad\u0131r.<\/p>\n\n\n\n<p><span style=\"color:#1c76bf\" class=\"has-inline-color\">border21<\/span> di\u011ferlerinin yan\u0131 s\u0131ra, a\u015fa\u011f\u0131daki uzmanl\u0131k alanlar\u0131nda \u00f6zelle\u015ftirilmi\u015f e\u011fitim kurslar\u0131 sa\u011flamaktad\u0131r:<\/p>\n\n\n\n<ul class=\"wp-block-list\"><li>De\u011fi\u015fim Y\u00f6netimi ve G\u00fcvenlik Sekt\u00f6r\u00fc Reformlar\u0131<\/li><li>Ter\u00f6rle M\u00fccadele ve Yabanc\u0131 Ter\u00f6rist Sava\u015f\u00e7\u0131lar\u0131n Ak\u0131\u015f\u0131n\u0131 Durdurmak<\/li><li>S\u0131n\u0131r \u00d6tesi Operasyonel M\u00fcdahaleler<\/li><li>Siber Su\u00e7<\/li><li>Ulus\u00f6tesi Organize Su\u00e7larla M\u00fccadele<\/li><li>Ye\u015fil ve Mavi S\u0131n\u0131r G\u00f6zetimi<\/li><li>Uluslararas\u0131 Ara\u00e7 Su\u00e7u<\/li><li>Ajans i\u00e7i, Ajanslar Aras\u0131 ve Uluslararas\u0131 \u0130\u015fbirli\u011fi<\/li><li>D\u00fczensiz G\u00f6\u00e7, \u0130nsan Ticareti ve \u0130nsan Ka\u00e7ak\u00e7\u0131l\u0131\u011f\u0131<\/li><li>Kolluk Kuvvetleri ve Ceza Adaleti<\/li><li>Y\u00f6netim ve Liderlik<\/li><li>Ulus\u00f6tesi Tehditlerin \u00d6nlenmesi<\/li><li>Sahte Seyahat Belgelerinin ve Vizenin Tan\u0131nmas\u0131<\/li><li>Risk Analizi ve Tehdit De\u011ferlendirmeleri<\/li><li>Tarama &#8211; Profilleme<\/li><\/ul>\n\n\n\n<\/br><\/br><\/br>\n","protected":false},"excerpt":{"rendered":"<p>\u0130leri D\u00fczey E\u011fitim border21 uluslararas\u0131 \u00f6\u011fretim standartlar\u0131na uygun yeni e\u011fitim mod\u00fcllerinin geli\u015ftirilmesi ve uygulanmas\u0131nda ortaklara uzmanl\u0131\u011f\u0131n\u0131 sunmakta, i\u015f ba\u015f\u0131 e\u011fitim ve bilgi aktar\u0131m\u0131 i\u00e7in AB \u00dcye Devletlerine \u00e7al\u0131\u015fma ziyaretlerini kolayla\u015ft\u0131rmaktad\u0131r. border21 kolluk kuvvetleri ve ceza adaleti, kurum ve kapasite geli\u015ftirme,<\/p>\n","protected":false},"author":1,"featured_media":0,"parent":0,"menu_order":4,"comment_status":"closed","ping_status":"closed","template":"","meta":{"footnotes":""},"class_list":["post-21","page","type-page","status-publish","hentry"],"translation":{"provider":"WPGlobus","version":"2.12.2","language":"tr","enabled_languages":["en","fr","ru","tr","ar"],"languages":{"en":{"title":true,"content":true,"excerpt":false},"fr":{"title":true,"content":true,"excerpt":false},"ru":{"title":true,"content":true,"excerpt":false},"tr":{"title":true,"content":true,"excerpt":false},"ar":{"title":true,"content":true,"excerpt":false}}},"_links":{"self":[{"href":"https:\/\/border21.com\/tr\/wp-json\/wp\/v2\/pages\/21","targetHints":{"allow":["GET"]}}],"collection":[{"href":"https:\/\/border21.com\/tr\/wp-json\/wp\/v2\/pages"}],"about":[{"href":"https:\/\/border21.com\/tr\/wp-json\/wp\/v2\/types\/page"}],"author":[{"embeddable":true,"href":"https:\/\/border21.com\/tr\/wp-json\/wp\/v2\/users\/1"}],"replies":[{"embeddable":true,"href":"https:\/\/border21.com\/tr\/wp-json\/wp\/v2\/comments?post=21"}],"version-history":[{"count":149,"href":"https:\/\/border21.com\/tr\/wp-json\/wp\/v2\/pages\/21\/revisions"}],"predecessor-version":[{"id":1037,"href":"https:\/\/border21.com\/tr\/wp-json\/wp\/v2\/pages\/21\/revisions\/1037"}],"wp:attachment":[{"href":"https:\/\/border21.com\/tr\/wp-json\/wp\/v2\/media?parent=21"}],"curies":[{"name":"wp","href":"https:\/\/api.w.org\/{rel}","templated":true}]}}