{"id":12,"date":"2021-02-23T10:59:45","date_gmt":"2021-02-23T10:59:45","guid":{"rendered":"http:\/\/border21.com\/?page_id=12"},"modified":"2021-08-19T08:33:58","modified_gmt":"2021-08-19T08:33:58","slug":"technical-assistance","status":"publish","type":"page","link":"https:\/\/border21.com\/tr\/technical-assistance","title":{"rendered":"teknik yard\u0131m"},"content":{"rendered":"\n<h1 class=\"has-text-color wp-block-heading\" style=\"color:#a89e6e\">Teknik Yard\u0131m<\/h1>\n\n\n\n<p><span style=\"color:#1c76bf\" class=\"has-inline-color\">border21<\/span> uluslararas\u0131 tehditleri \u00f6nlemek, s\u0131n\u0131r\u00f6tesi organize su\u00e7 ve ter\u00f6rle m\u00fccadele etmek, yabanc\u0131 ter\u00f6rist sava\u015f\u00e7\u0131lar\u0131n ak\u0131\u015f\u0131n\u0131 durdurmak ve di\u011fer t\u00fcm \u00f6nemli s\u0131n\u0131r\u00f6tesi su\u00e7larla m\u00fccadele etmek i\u00e7in bakanl\u0131klara ve yetkili kolluk g\u00fcc\u00fc kurumlar\u0131na kurumsal ve personel kapasitelerini geli\u015ftirebilmeleri konusunda asistanl\u0131k sa\u011flamaktad\u0131r.<\/p>\n\n\n\n<p><span style=\"color:#1c76bf\" class=\"has-inline-color\">border21<\/span> hukukun \u00fcst\u00fcnl\u00fc\u011f\u00fc prensibi ve insan haklar\u0131 standartlar\u0131 ile uyumlu olarak kamu d\u00fczeni ve g\u00fcvenli\u011fini sa\u011flamak i\u00e7in ulusal strateji ve eylem planlar\u0131 geli\u015ftirmek ve uygulamak amac\u0131yla bakanl\u0131klar\u0131 ve yetkili birimlerine destek sa\u011flamaktad\u0131r.<\/p>\n\n\n\n<p><span style=\"color:#1c76bf\" class=\"has-inline-color\">border21<\/span> s\u0131n\u0131rlar\u0131 ay\u0131rmadan serbest, demokratik ve daha entegre bir alanda a\u00e7\u0131k fakat g\u00fcvenli s\u0131n\u0131rlar i\u00e7in entegre s\u0131n\u0131r y\u00f6netimi konusunda AB m\u00fcktesebat\u0131 prensipleri ve AB modelini te\u015fvik etmektedir.<\/p>\n\n\n\n<p><span style=\"color:#1c76bf\" class=\"has-inline-color\">border21<\/span> di\u011ferlerinin yan\u0131s\u0131ra a\u015fa\u011f\u0131daki alanlarda teknik yard\u0131m ve uzmanl\u0131k sa\u011flamaktad\u0131r:<\/p>\n\n\n\n<ul class=\"wp-block-list\"><li>Hedef bakanl\u0131klar ve yetkili kolluk kuvveti otoritelerinin belirlenen ihtiya\u00e7lar\u0131na uygun olarak ulusal strateji ve eylem planlar\u0131n\u0131n geli\u015ftirilmesi.<\/li><li>Kolluk kuvvetleri, ceza hukuku, cezai kovu\u015fturma, emniyet y\u00f6netimi ve liderli\u011fi, entegre s\u0131n\u0131r y\u00f6netimi, kurumi\u00e7i\/kurumlararas\u0131 ve uluslararas\u0131 i\u015fbirli\u011fi ile ilgili bo\u015fluk ve ihtiya\u00e7 de\u011ferlendirmelerinin detayland\u0131rmas\u0131.<\/li><li>\u00d6\u011frenilmi\u015f derslere dayal\u0131 i\u015fleyen iyi uygulamalar do\u011frultusunda fizibilite \u00e7al\u0131\u015fmalar\u0131 ve \u00f6neriler temelinde \u00f6zel kavramlar\u0131n geli\u015ftirilmesi yoluyla ulusal g\u00fcvenlik y\u00f6netim sistemlerinin etkinli\u011finin ve verimlili\u011finin art\u0131r\u0131lmas\u0131.<\/li><li>AB Entegre S\u0131n\u0131r Y\u00f6netimi y\u00f6nergelerine uyumlu olarak s\u0131n\u0131r y\u00f6netimi sistemleri ve altyap\u0131s\u0131 de\u011ferlendirmelerinin geli\u015ftirilmesi (\u00f6r: s\u0131n\u0131r ge\u00e7i\u015f noktalar\u0131, ye\u015fil ve mavi s\u0131n\u0131r b\u00f6lgeleri).<\/li><li>En son teknoloji matrislerinin tasar\u0131m\u0131 ve yapay zeka \u00e7\u00f6z\u00fcmlerinin geli\u015ftirilmesi.<\/li><li>\u00dcst d\u00fczey emniyet amirleri i\u00e7in y\u00f6netim, liderlik ve bilgi y\u00f6netimi konular\u0131nda kapasite geli\u015ftirilmesi.<\/li><li>Ulusal ve s\u0131n\u0131r \u00f6tesi d\u00fczeyde kurumlararas\u0131 i\u015fbirli\u011finin kolayla\u015ft\u0131r\u0131lmas\u0131.<\/li><li>AB M\u00fcktesebat\u0131 ve insan haklar\u0131 standartlar\u0131na uygun olarak, kolluk kuvvetleri kurumlar\u0131 i\u00e7in e\u011fitim m\u00fcfredat\u0131 geli\u015ftirilmesi ve kapsaml\u0131 e\u011fitim programlar\u0131n\u0131n uygulanmas\u0131.<\/li><li>S\u0131n\u0131r \u00f6tesi operasyonel m\u00fcdahaleler alan\u0131nda kurumlararas\u0131 i\u015fbirli\u011fini g\u00fc\u00e7lendirmek i\u00e7in kolluk kuvvetleri y\u00f6neticilerine y\u00f6nelik masa \u00fcst\u00fc tatbikatlar\u0131n geli\u015ftirilmesi.<\/li><li>D\u0131\u015f kaynakl\u0131 proje ve programlar\u0131n planlanmas\u0131, uygulanmas\u0131 ve y\u00f6netilmesi s\u00fcre\u00e7lerinin izlenmesi ve de\u011ferlendirilmesi. <\/li><\/ul>\n\n\n\n<\/br><\/br><\/br>\n","protected":false},"excerpt":{"rendered":"<p>Teknik Yard\u0131m border21 uluslararas\u0131 tehditleri \u00f6nlemek, s\u0131n\u0131r\u00f6tesi organize su\u00e7 ve ter\u00f6rle m\u00fccadele etmek, yabanc\u0131 ter\u00f6rist sava\u015f\u00e7\u0131lar\u0131n ak\u0131\u015f\u0131n\u0131 durdurmak ve di\u011fer t\u00fcm \u00f6nemli s\u0131n\u0131r\u00f6tesi su\u00e7larla m\u00fccadele etmek i\u00e7in bakanl\u0131klara ve yetkili kolluk g\u00fcc\u00fc kurumlar\u0131na kurumsal ve personel kapasitelerini geli\u015ftirebilmeleri konusunda asistanl\u0131k<\/p>\n","protected":false},"author":1,"featured_media":0,"parent":0,"menu_order":3,"comment_status":"closed","ping_status":"closed","template":"","meta":{"footnotes":""},"class_list":["post-12","page","type-page","status-publish","hentry"],"translation":{"provider":"WPGlobus","version":"2.12.2","language":"tr","enabled_languages":["en","fr","ru","tr","ar"],"languages":{"en":{"title":true,"content":true,"excerpt":false},"fr":{"title":true,"content":true,"excerpt":false},"ru":{"title":true,"content":true,"excerpt":false},"tr":{"title":true,"content":true,"excerpt":false},"ar":{"title":true,"content":true,"excerpt":false}}},"_links":{"self":[{"href":"https:\/\/border21.com\/tr\/wp-json\/wp\/v2\/pages\/12","targetHints":{"allow":["GET"]}}],"collection":[{"href":"https:\/\/border21.com\/tr\/wp-json\/wp\/v2\/pages"}],"about":[{"href":"https:\/\/border21.com\/tr\/wp-json\/wp\/v2\/types\/page"}],"author":[{"embeddable":true,"href":"https:\/\/border21.com\/tr\/wp-json\/wp\/v2\/users\/1"}],"replies":[{"embeddable":true,"href":"https:\/\/border21.com\/tr\/wp-json\/wp\/v2\/comments?post=12"}],"version-history":[{"count":67,"href":"https:\/\/border21.com\/tr\/wp-json\/wp\/v2\/pages\/12\/revisions"}],"predecessor-version":[{"id":758,"href":"https:\/\/border21.com\/tr\/wp-json\/wp\/v2\/pages\/12\/revisions\/758"}],"wp:attachment":[{"href":"https:\/\/border21.com\/tr\/wp-json\/wp\/v2\/media?parent=12"}],"curies":[{"name":"wp","href":"https:\/\/api.w.org\/{rel}","templated":true}]}}