{"id":691,"date":"2021-08-18T12:40:13","date_gmt":"2021-08-18T12:40:13","guid":{"rendered":"https:\/\/border21.com\/?page_id=691"},"modified":"2021-08-18T13:27:13","modified_gmt":"2021-08-18T13:27:13","slug":"the-agency","status":"publish","type":"page","link":"https:\/\/border21.com\/fr\/the-agency","title":{"rendered":"de l&#8217;agence"},"content":{"rendered":"\n<h1 class=\"has-text-color wp-block-heading\" style=\"color:#a89e6e\">l&#8217;agence<\/h1>\n\n\n\n<p><span style=\"color:#1c76bf\" class=\"has-inline-color\">border21<\/span> est un organisme qui fournit expertise professionnelle et savoir-faire dans les domaines de la gestion des fronti\u00e8res, \u00e0 la fois d&#8217;une mani\u00e8re int\u00e9gr\u00e9e ainsi que dans approche globale, et sur les questions de migration.<\/p>\n\n\n\n<p><span style=\"color:#1c76bf\" class=\"has-inline-color\">border21<\/span> apporte conseil et assistance pratique. Il d\u00e9veloppe et promeut des normes appropri\u00e9es, tant au niveau national et international, pr\u00e9conise les meilleures pratiques et le\u00e7ons apprises, et m\u00e8ne des recherches li\u00e9es aux politiques de gestion des fronti\u00e8res afin de faire des recommandations appropri\u00e9es pour assurer la s\u00e9curit\u00e9 effective et efficace des fronti\u00e8res et la gestion des normes.<\/p>\n\n\n\n<p>Les partenaires de <span style=\"color:#1c76bf\" class=\"has-inline-color\">border21<\/span> sont entre autre les Services des Gardes Fronti\u00e8res de l\u2019Etat, les Services de la Police frontali\u00e8re Civile, les Services de Douane et des centres internationaux de formation sur les fronti\u00e8res et d\u2019autres organismes qui s\u2019occupent de questions de fronti\u00e8re, la soci\u00e9t\u00e9 civile, des organisations internationales et d\u2019autres acteurs importants du secteur de la s\u00fbret\u00e9.<\/p>\n\n\n\n<p><span style=\"color:#1c76bf\" class=\"has-inline-color\">border21<\/span> met \u00e0 disposition ses experts internationaux exp\u00e9riment\u00e9s et son savoir-faire pour traiter les questions sp\u00e9cifiques de la gestion des fronti\u00e8res et les questions migratoires qui y sont li\u00e9es.<br><br><br><br><\/p>\n","protected":false},"excerpt":{"rendered":"<p>l&#8217;agence border21 est un organisme qui fournit expertise professionnelle et savoir-faire dans les domaines de la gestion des fronti\u00e8res, \u00e0 la fois d&#8217;une mani\u00e8re int\u00e9gr\u00e9e ainsi que dans approche globale, et sur les questions de migration. border21 apporte conseil et<\/p>\n","protected":false},"author":1,"featured_media":0,"parent":0,"menu_order":2,"comment_status":"closed","ping_status":"closed","template":"","meta":{"footnotes":""},"class_list":["post-691","page","type-page","status-publish","hentry"],"translation":{"provider":"WPGlobus","version":"2.12.2","language":"fr","enabled_languages":["en","fr","ru","tr","ar"],"languages":{"en":{"title":true,"content":true,"excerpt":false},"fr":{"title":true,"content":true,"excerpt":false},"ru":{"title":true,"content":true,"excerpt":false},"tr":{"title":true,"content":true,"excerpt":false},"ar":{"title":true,"content":true,"excerpt":false}}},"_links":{"self":[{"href":"https:\/\/border21.com\/fr\/wp-json\/wp\/v2\/pages\/691","targetHints":{"allow":["GET"]}}],"collection":[{"href":"https:\/\/border21.com\/fr\/wp-json\/wp\/v2\/pages"}],"about":[{"href":"https:\/\/border21.com\/fr\/wp-json\/wp\/v2\/types\/page"}],"author":[{"embeddable":true,"href":"https:\/\/border21.com\/fr\/wp-json\/wp\/v2\/users\/1"}],"replies":[{"embeddable":true,"href":"https:\/\/border21.com\/fr\/wp-json\/wp\/v2\/comments?post=691"}],"version-history":[{"count":16,"href":"https:\/\/border21.com\/fr\/wp-json\/wp\/v2\/pages\/691\/revisions"}],"predecessor-version":[{"id":719,"href":"https:\/\/border21.com\/fr\/wp-json\/wp\/v2\/pages\/691\/revisions\/719"}],"wp:attachment":[{"href":"https:\/\/border21.com\/fr\/wp-json\/wp\/v2\/media?parent=691"}],"curies":[{"name":"wp","href":"https:\/\/api.w.org\/{rel}","templated":true}]}}