{"id":5,"date":"2021-02-23T10:53:39","date_gmt":"2021-02-23T10:53:39","guid":{"rendered":"http:\/\/border21.com\/?page_id=5"},"modified":"2021-08-20T06:34:53","modified_gmt":"2021-08-20T06:34:53","slug":"general-information","status":"publish","type":"page","link":"https:\/\/border21.com\/fr\/","title":{"rendered":"g\u00e9n\u00e9ralit\u00e9s"},"content":{"rendered":"\n<h1 class=\"has-text-color wp-block-heading\" style=\"color:#a89e6e\">Criminels et combattants terroristes<\/h1>\n\n\n\n<p>Aucun ne respectent les fronti\u00e8res \u00e9tatiques, ni les minist\u00e8res et agences en charge du respect de ces fronti\u00e8res, de la s\u00e9curit\u00e9 nationale, de la s\u00e9curit\u00e9 et de l\u2019ordre public.<\/p>\n\n\n\n<p>Les fronti\u00e8res \u00e9tatiques sont uniques, diverses en leur natures, et d\u00e9finissent un territoire national pr\u00e9cis. Elles sont divis\u00e9es en trois cat\u00e9gories distinctes&nbsp;: terrestre, en mer, ou a\u00e9rienne. Les cyber crimes se sont impos\u00e9s de plus en plus comme essentiel selon les agences de maintien de l\u2019ordre publique, s\u2019imposant comme une suppos\u00e9e quatri\u00e8me cat\u00e9gorie, dans le contexte du respect des fronti\u00e8res. La souverainet\u00e9 d\u2019une nation est d\u00e9finie par, entre autres, la conception d\u2019un \u00e9tat moderne et s\u00fbr, sa capacit\u00e9 \u00e0 prot\u00e9ger ses d\u00e9marcations, et enfin son aptitude \u00e0 les g\u00e9rer. <\/p>\n\n\n\n<p>Les bandes organis\u00e9e et groupes terroristes utilisent souvent les failles de ces fronti\u00e8res, car cela permet d\u2019accentuer la violence commise en minimisant les risques. Malgr\u00e9 le respect n\u00e9cessaire sur le fait que chaque gouvernement soit capable de g\u00e9rer ses fronti\u00e8res de la mani\u00e8re la plus efficace possible, il y a une n\u00e9cessit\u00e9 pour les experts de travailler en collaboration pour aborder les dangers du terrorisme transnational.<\/p>\n\n\n\n<p>La gestion des fronti\u00e8res est une responsabilit\u00e9 de chaque \u00e9tat souverain. Ils doivent choisir les meilleures pratiques et les meilleurs moyens de contr\u00f4le, afin de s\u00e9curiser leur fronti\u00e8re en prenant en consid\u00e9rations les facteurs politiques, socio-\u00e9conomiques, environnementaux, culturels, et de s\u00e9curit\u00e9. En g\u00e9n\u00e9ral, les \u00e9tats se sont engag\u00e9s \u00e0 \u00eatre responsable et \u00e0 agir en respect des lois internationales, particuli\u00e8rement sur les droits de l\u2019Homme et du r\u00e9fugi\u00e9.<\/p>\n\n\n\n<p>\nL\u2019acc\u00e8s des personnes, bien ou services doit \u00eatre r\u00e9gul\u00e9 et contr\u00f4l\u00e9, bas\u00e9 sur un respect des principes de l\u00e9galit\u00e9, et sur l\u2019impl\u00e9mentation de m\u00e9canisme de contr\u00f4le pour respecter la juridiction \u00e9tatique. Les activit\u00e9s des \u00e9tats souverains sont en relation directe avec leur territoire, personnel, communications, technologies, \u00e9quipement, entrainement et la collaboration au sein d\u2019une agence, la collaboration inter-agences et la collaboration \u00e0 l\u2019international. <\/p>\n\n\n\n<p>Durant le 21e si\u00e8cle, et avec le processus de globalisation, l\u2019\u00e9volution a cr\u00e9\u00e9 de nouvelles formes de dangers et enjeux pour la s\u00e9curit\u00e9 et la stabilit\u00e9 inter\u00e9tatique. Cela n\u00e9cessite une \u00e9troite coop\u00e9ration, et des plans d\u2019actions compr\u00e9hensifs, collectif et bien coordonn\u00e9s.  <\/p>\n\n\n\n<\/br><\/br><\/br><\/br>\n","protected":false},"excerpt":{"rendered":"<p>Criminels et combattants terroristes Aucun ne respectent les fronti\u00e8res \u00e9tatiques, ni les minist\u00e8res et agences en charge du respect de ces fronti\u00e8res, de la s\u00e9curit\u00e9 nationale, de la s\u00e9curit\u00e9 et de l\u2019ordre public. Les fronti\u00e8res \u00e9tatiques sont uniques, diverses en<\/p>\n","protected":false},"author":1,"featured_media":0,"parent":0,"menu_order":1,"comment_status":"closed","ping_status":"closed","template":"","meta":{"footnotes":""},"class_list":["post-5","page","type-page","status-publish","hentry"],"translation":{"provider":"WPGlobus","version":"2.12.2","language":"fr","enabled_languages":["en","fr","ru","tr","ar"],"languages":{"en":{"title":true,"content":true,"excerpt":false},"fr":{"title":true,"content":true,"excerpt":false},"ru":{"title":true,"content":true,"excerpt":false},"tr":{"title":true,"content":true,"excerpt":false},"ar":{"title":true,"content":true,"excerpt":false}}},"_links":{"self":[{"href":"https:\/\/border21.com\/fr\/wp-json\/wp\/v2\/pages\/5","targetHints":{"allow":["GET"]}}],"collection":[{"href":"https:\/\/border21.com\/fr\/wp-json\/wp\/v2\/pages"}],"about":[{"href":"https:\/\/border21.com\/fr\/wp-json\/wp\/v2\/types\/page"}],"author":[{"embeddable":true,"href":"https:\/\/border21.com\/fr\/wp-json\/wp\/v2\/users\/1"}],"replies":[{"embeddable":true,"href":"https:\/\/border21.com\/fr\/wp-json\/wp\/v2\/comments?post=5"}],"version-history":[{"count":86,"href":"https:\/\/border21.com\/fr\/wp-json\/wp\/v2\/pages\/5\/revisions"}],"predecessor-version":[{"id":760,"href":"https:\/\/border21.com\/fr\/wp-json\/wp\/v2\/pages\/5\/revisions\/760"}],"wp:attachment":[{"href":"https:\/\/border21.com\/fr\/wp-json\/wp\/v2\/media?parent=5"}],"curies":[{"name":"wp","href":"https:\/\/api.w.org\/{rel}","templated":true}]}}