{"id":353,"date":"2021-02-27T15:31:03","date_gmt":"2021-02-27T15:31:03","guid":{"rendered":"http:\/\/border21.com\/?page_id=353"},"modified":"2021-08-20T07:44:57","modified_gmt":"2021-08-20T07:44:57","slug":"change-management-and-communication","status":"publish","type":"page","link":"https:\/\/border21.com\/fr\/training\/change-management-and-communication","title":{"rendered":"Gestion du Changement et Communication"},"content":{"rendered":"\n<p><br>La formation vise \u00e0 am\u00e9liorer les capacit\u00e9s de gestion des cadres sup\u00e9rieurs des fronti\u00e8res. Le cours vise \u00e0 introduire des standards de gestion moderne, efficaces et en harmonie avec les normes et pratiques internationales pertinents.<\/p>\n\n\n\n<p><span style=\"color:#1c76bf\" class=\"has-inline-color\">border21<\/span> fournit des experts internationaux et des formateurs qui introduisent&nbsp; ces standards moderne de gestion et de communication aux autorit\u00e9s de frontiere int\u00e9ress\u00e9es ..<\/p>\n\n\n\n<p><span style=\"color:#1c76bf\" class=\"has-inline-color\">border21<\/span> fournit une assistance technique pour le d\u00e9veloppement et la mise en \u0153uvre de plans de formation et de programmes via un \u00e9change de pratiques et d\u2019illustrations pertinentes, en s\u2019appuyant sur des pr\u00e9c\u00e9dents concrets.<\/p>\n\n\n\n<p><span style=\"color:#1c76bf\" class=\"has-inline-color\">border21<\/span> s\u2019int\u00e8gre aux organismes comp\u00e9tents qui s\u2019occupent des questions li\u00e9es aux fronti\u00e8res pour am\u00e9liorer l&#8217;interaction et les \u00e9changes d&#8217;informations et promouvoir la coop\u00e9ration intra et inter-organismes.<\/p>\n\n\n\n<p><span style=\"color:#1c76bf\" class=\"has-inline-color\">border21<\/span> organise et anime des \u00e9v\u00e9nements de coop\u00e9ration transfrontali\u00e8re.<\/p>\n\n\n\n<p><span style=\"color:#1c76bf\" class=\"has-inline-color\">border21<\/span> fournit un soutien aux agences frontalieres qui s\u2019int\u00e9ressent \u00e0 la gestion du changement et aux methodes modernes de communication.<\/p>\n","protected":false},"excerpt":{"rendered":"<p>La formation vise \u00e0 am\u00e9liorer les capacit\u00e9s de gestion des cadres sup\u00e9rieurs des fronti\u00e8res. Le cours vise \u00e0 introduire des standards de gestion moderne, efficaces et en harmonie avec les normes et pratiques internationales pertinents. border21 fournit des experts internationaux<\/p>\n","protected":false},"author":1,"featured_media":0,"parent":21,"menu_order":0,"comment_status":"closed","ping_status":"closed","template":"","meta":{"footnotes":""},"class_list":["post-353","page","type-page","status-publish","hentry"],"translation":{"provider":"WPGlobus","version":"2.12.2","language":"fr","enabled_languages":["en","fr","ru","tr","ar"],"languages":{"en":{"title":true,"content":true,"excerpt":false},"fr":{"title":true,"content":true,"excerpt":false},"ru":{"title":true,"content":true,"excerpt":false},"tr":{"title":true,"content":true,"excerpt":false},"ar":{"title":true,"content":true,"excerpt":false}}},"_links":{"self":[{"href":"https:\/\/border21.com\/fr\/wp-json\/wp\/v2\/pages\/353","targetHints":{"allow":["GET"]}}],"collection":[{"href":"https:\/\/border21.com\/fr\/wp-json\/wp\/v2\/pages"}],"about":[{"href":"https:\/\/border21.com\/fr\/wp-json\/wp\/v2\/types\/page"}],"author":[{"embeddable":true,"href":"https:\/\/border21.com\/fr\/wp-json\/wp\/v2\/users\/1"}],"replies":[{"embeddable":true,"href":"https:\/\/border21.com\/fr\/wp-json\/wp\/v2\/comments?post=353"}],"version-history":[{"count":27,"href":"https:\/\/border21.com\/fr\/wp-json\/wp\/v2\/pages\/353\/revisions"}],"predecessor-version":[{"id":778,"href":"https:\/\/border21.com\/fr\/wp-json\/wp\/v2\/pages\/353\/revisions\/778"}],"up":[{"embeddable":true,"href":"https:\/\/border21.com\/fr\/wp-json\/wp\/v2\/pages\/21"}],"wp:attachment":[{"href":"https:\/\/border21.com\/fr\/wp-json\/wp\/v2\/media?parent=353"}],"curies":[{"name":"wp","href":"https:\/\/api.w.org\/{rel}","templated":true}]}}