{"id":340,"date":"2021-02-27T15:15:35","date_gmt":"2021-02-27T15:15:35","guid":{"rendered":"http:\/\/border21.com\/?page_id=340"},"modified":"2021-08-21T16:25:22","modified_gmt":"2021-08-21T16:25:22","slug":"risk-analysis-and-threat-assessment","status":"publish","type":"page","link":"https:\/\/border21.com\/fr\/training\/risk-analysis-and-threat-assessment","title":{"rendered":"Analyse des risques et Evaluation des menaces"},"content":{"rendered":"\n<p>L&#8217;analyse des risques est une technique visant \u00e0 identifier et \u00e9valuer les facteurs qui peuvent compromettre le succ\u00e8s du travail&nbsp; des organismes charges de la gestion des fronti\u00e8res. Cette technique permet \u00e9galement de d\u00e9finir des mesures pr\u00e9ventives pour r\u00e9duire la probabilit\u00e9 que ces facteurs se produisent et d\u2019identifier des contre-mesures pour surmonter avec succ\u00e8s ces contraintes lors de leur d\u00e9veloppement et ainsi renforcer la comp\u00e9titivit\u00e9 des organismes des fronti\u00e8res.<\/p>\n\n\n\n<p>L\u2019analyse des risques et l\u2019\u00e9valuation des menaces sont des m\u00e9thodes sp\u00e9cifiques appliqu\u00e9es au sein des organismes charges de la gestion des fronti\u00e8res pour les aider dans&nbsp; leur mission de contr\u00f4le des fronti\u00e8res ext\u00e9rieures. Ceci a pour but d\u2019am\u00e9liorer le travail tant sur le plan de la gestion (ressources, formation, installations, \u00e9quipements) que sur le plan op\u00e9rationnel (m\u00e9thodes, indicateurs, profils). Sur le plan strat\u00e9gique, l&#8217;analyse des risques combine les produits de l&#8217;intelligence\/du renseignement&nbsp; (entre autres&nbsp; \u00e9valuation des&nbsp; menaces et des risques) avec les r\u00e9sultats de l&#8217;analyse des risques au niveau op\u00e9rationnel.<\/p>\n\n\n\n<p>L&#8217;analyse des risques vise \u00e0 \u00e9valuer les vuln\u00e9rabilit\u00e9s de la soci\u00e9t\u00e9 et le syst\u00e8me-m\u00eame de gestion des fronti\u00e8res. C&#8217;est une t\u00e2che g\u00e9n\u00e9rale de renseignements qui peut relever ou non de autorit\u00e9s charges de la gestion des fronti\u00e8res. Pourtant, l&#8217;information acquise dans la gestion op\u00e9rationnelle des fronti\u00e8res est une contribution essentielle \u00e0 ce genre de produit de renseignement.<\/p>\n\n\n\n<p>Comme les diff\u00e9rents niveaux de gestion des fronti\u00e8res (par exemple les plans tactique, op\u00e9rationnels et strat\u00e9giques) n\u00e9cessitent diff\u00e9rentes dispositions dans l&#8217;analyse, le plan d\u00e9finit des conditions suppl\u00e9mentaires comme suit<\/p>\n\n\n\n<ul class=\"wp-block-list\"><li>L&#8217;analyse tactique des risques, ce qui signifie fournir ou utiliser&nbsp; des informations pertinentes sur le profilage en temps r\u00e9el des cibles qui franchissent la fronti\u00e8re (moyens de transport de franchissement de la fronti\u00e8re ou voyageurs individuels). Ce profilage doit \u00eatre fait dans le but d\u2019identifier les contrevenants apparents qui doivent etre &nbsp;neutralises par des mesures de contr\u00f4le plus importants. Ce type d&#8217;analyse doit \u00eatre \u00e9tay\u00e9 par des informations\/renseignements syst\u00e9matiquement transform\u00e9s, et de pr\u00e9f\u00e9rence fournis par le personnel distinct des renseignement &nbsp;&nbsp;en service soit au contr\u00f4le des fronti\u00e8res soit dans un autre organisme.<\/li><li>L\u2019analyse op\u00e9rationnelle des risques, ce qui signifie les m\u00e9thodes d&#8217;analyse (essentiellement des donn\u00e9es statistiques) \u00e0 utiliser pour \u00e9valuer l&#8217;efficacit\u00e9 du syst\u00e8me de s\u00e9curit\u00e9 et de gestion des fronti\u00e8res, et faire une estimation du niveau des irr\u00e9gularit\u00e9s d\u00e9cel\u00e9es &nbsp;(qui demeure non r\u00e9v\u00e9l\u00e9es par les autorit\u00e9s), et finalement identifier les d\u00e9faillances &nbsp;du syst\u00e8me. Cette analyse doit \u00eatre men\u00e9e par une unit\u00e9 de l\u2019autorit\u00e9 responsable des fronti\u00e8res qui dispose du personnel poss\u00e9dant les comp\u00e9tences d\u2019analyse appropri\u00e9es.<\/li><li>L\u2019analyse strat\u00e9gique des risques est une combinaison d&#8217;\u00e9valuations strat\u00e9giques des menaces et d&#8217;analyse op\u00e9rationnelle des risques qui permet aux autorites d&#8217;\u00e9laborer des contre-mesures, des changements de politiques ainsi que de l\u00e9gislation.<\/li><\/ul>\n","protected":false},"excerpt":{"rendered":"<p>L&#8217;analyse des risques est une technique visant \u00e0 identifier et \u00e9valuer les facteurs qui peuvent compromettre le succ\u00e8s du travail&nbsp; des organismes charges de la gestion des fronti\u00e8res. Cette technique permet \u00e9galement de d\u00e9finir des mesures pr\u00e9ventives pour r\u00e9duire la<\/p>\n","protected":false},"author":1,"featured_media":0,"parent":21,"menu_order":0,"comment_status":"closed","ping_status":"closed","template":"","meta":{"footnotes":""},"class_list":["post-340","page","type-page","status-publish","hentry"],"translation":{"provider":"WPGlobus","version":"2.12.2","language":"fr","enabled_languages":["en","fr","ru","tr","ar"],"languages":{"en":{"title":true,"content":true,"excerpt":false},"fr":{"title":true,"content":true,"excerpt":false},"ru":{"title":true,"content":true,"excerpt":false},"tr":{"title":true,"content":true,"excerpt":false},"ar":{"title":true,"content":true,"excerpt":false}}},"_links":{"self":[{"href":"https:\/\/border21.com\/fr\/wp-json\/wp\/v2\/pages\/340","targetHints":{"allow":["GET"]}}],"collection":[{"href":"https:\/\/border21.com\/fr\/wp-json\/wp\/v2\/pages"}],"about":[{"href":"https:\/\/border21.com\/fr\/wp-json\/wp\/v2\/types\/page"}],"author":[{"embeddable":true,"href":"https:\/\/border21.com\/fr\/wp-json\/wp\/v2\/users\/1"}],"replies":[{"embeddable":true,"href":"https:\/\/border21.com\/fr\/wp-json\/wp\/v2\/comments?post=340"}],"version-history":[{"count":18,"href":"https:\/\/border21.com\/fr\/wp-json\/wp\/v2\/pages\/340\/revisions"}],"predecessor-version":[{"id":1000,"href":"https:\/\/border21.com\/fr\/wp-json\/wp\/v2\/pages\/340\/revisions\/1000"}],"up":[{"embeddable":true,"href":"https:\/\/border21.com\/fr\/wp-json\/wp\/v2\/pages\/21"}],"wp:attachment":[{"href":"https:\/\/border21.com\/fr\/wp-json\/wp\/v2\/media?parent=340"}],"curies":[{"name":"wp","href":"https:\/\/api.w.org\/{rel}","templated":true}]}}