{"id":336,"date":"2021-02-27T15:14:31","date_gmt":"2021-02-27T15:14:31","guid":{"rendered":"http:\/\/border21.com\/?page_id=336"},"modified":"2021-08-21T16:27:01","modified_gmt":"2021-08-21T16:27:01","slug":"profiling","status":"publish","type":"page","link":"https:\/\/border21.com\/fr\/training\/profiling","title":{"rendered":"Le profilage"},"content":{"rendered":"\n<p>Le profilage peut \u00eatre entendu comme la transposition d\u2019informations sur une personne, un v\u00e9hicule, un bien ou une circonstance, fond\u00e9e sur l&#8217;exp\u00e9rience et les \u00e9l\u00e9ments connues, qui peuvent ensuite faire l\u2019objet de contr\u00f4le sp\u00e9cifique.<\/p>\n\n\n\n<p>Le profilage de voyageur ou de passager est un outil destin\u00e9 \u00e0 assister les agents de contr\u00f4le aux fronti\u00e8res \u00e0 dresser le profil&nbsp; des criminels ou trafiquants potentiels.<\/p>\n\n\n\n<p>Le profilage des criminels est \u00e9galement compris &nbsp;comme un profilage \u00ab&nbsp;criminel&nbsp;\u00bb, c&#8217;est-\u00e0-dire un profilage de la personnalit\u00e9 criminelle, de nature criminologique,&nbsp; comportementale ou relevant de l&#8217;analyse des enqu\u00eates criminelles<\/p>\n\n\n\n<p>Ces techniques comprennent la v\u00e9rification des caract\u00e9ristiques individuelles dans le but &nbsp;de d\u00e9terminer si une personne peut \u00eatre consid\u00e9r\u00e9e comme susceptible de commettre un type particulier de crime ou un acte ill\u00e9gal ou de se comporter de mani\u00e8re \u00bbpr\u00e9judiciable\u00bb au moment du passage de fronti\u00e8re.<\/p>\n\n\n\n<p><span style=\"color:#1c76bf\" class=\"has-inline-color\">border21<\/span> offre aux&nbsp; autorit\u00e9s du maintien de l\u2019ordre&nbsp; int\u00e9ress\u00e9es&nbsp; un soutien&nbsp; visant&nbsp; a introduire des techniques de contr\u00f4le, des proc\u00e9dures et des moyens d&#8217;identification des criminels sur la base &nbsp;de modalit\u00e9s de &nbsp;profilage.<\/p>\n","protected":false},"excerpt":{"rendered":"<p>Le profilage peut \u00eatre entendu comme la transposition d\u2019informations sur une personne, un v\u00e9hicule, un bien ou une circonstance, fond\u00e9e sur l&#8217;exp\u00e9rience et les \u00e9l\u00e9ments connues, qui peuvent ensuite faire l\u2019objet de contr\u00f4le sp\u00e9cifique. Le profilage de voyageur ou de<\/p>\n","protected":false},"author":1,"featured_media":0,"parent":21,"menu_order":0,"comment_status":"closed","ping_status":"closed","template":"","meta":{"footnotes":""},"class_list":["post-336","page","type-page","status-publish","hentry"],"translation":{"provider":"WPGlobus","version":"2.12.2","language":"fr","enabled_languages":["en","fr","ru","tr","ar"],"languages":{"en":{"title":true,"content":true,"excerpt":false},"fr":{"title":true,"content":true,"excerpt":false},"ru":{"title":true,"content":true,"excerpt":false},"tr":{"title":true,"content":true,"excerpt":false},"ar":{"title":true,"content":true,"excerpt":false}}},"_links":{"self":[{"href":"https:\/\/border21.com\/fr\/wp-json\/wp\/v2\/pages\/336","targetHints":{"allow":["GET"]}}],"collection":[{"href":"https:\/\/border21.com\/fr\/wp-json\/wp\/v2\/pages"}],"about":[{"href":"https:\/\/border21.com\/fr\/wp-json\/wp\/v2\/types\/page"}],"author":[{"embeddable":true,"href":"https:\/\/border21.com\/fr\/wp-json\/wp\/v2\/users\/1"}],"replies":[{"embeddable":true,"href":"https:\/\/border21.com\/fr\/wp-json\/wp\/v2\/comments?post=336"}],"version-history":[{"count":22,"href":"https:\/\/border21.com\/fr\/wp-json\/wp\/v2\/pages\/336\/revisions"}],"predecessor-version":[{"id":1006,"href":"https:\/\/border21.com\/fr\/wp-json\/wp\/v2\/pages\/336\/revisions\/1006"}],"up":[{"embeddable":true,"href":"https:\/\/border21.com\/fr\/wp-json\/wp\/v2\/pages\/21"}],"wp:attachment":[{"href":"https:\/\/border21.com\/fr\/wp-json\/wp\/v2\/media?parent=336"}],"curies":[{"name":"wp","href":"https:\/\/api.w.org\/{rel}","templated":true}]}}