{"id":334,"date":"2021-02-27T15:11:16","date_gmt":"2021-02-27T15:11:16","guid":{"rendered":"http:\/\/border21.com\/?page_id=334"},"modified":"2021-08-21T16:09:23","modified_gmt":"2021-08-21T16:09:23","slug":"management-leadership","status":"publish","type":"page","link":"https:\/\/border21.com\/fr\/training\/management-leadership","title":{"rendered":"Gestion et leadership"},"content":{"rendered":"\n<p>La formation dans ce domaine a pour but de renforcer les aptitudes et comp\u00e9tences de gestion et de leadership des cadres sup\u00e9rieurs des autorit\u00e9s frontali\u00e8res et autres autorit\u00e9s responsables du maintien de l\u2019ordre en mati\u00e8re de fronti\u00e8res et de migration.<\/p>\n\n\n\n<p>La formation offre aux participants une analyse des diff\u00e9rentes th\u00e9ories de leadership qui&nbsp; s&#8217;appliquent \u00e0 une vari\u00e9t\u00e9 de situations et une meilleure compr\u00e9hension du&nbsp; r\u00f4le de \u00ab&nbsp;leader&nbsp;\u00bb dans la gestion des organisations.<\/p>\n\n\n\n<p>Les participants \u00e0 cette formation doivent avoir un grade au moins \u00e9quivalent&nbsp; a celui de capitaine au colonel ou leur \u00e9quivalent civil<\/p>\n\n\n\n<p><span style=\"color:#1c76bf\" class=\"has-inline-color\">border21<\/span> fournit des formateurs et organise des cours dans ce domaine, et propose les modules de formation suivants:<\/p>\n\n\n\n<ul class=\"wp-block-list\"><li>Styles de leadership<\/li><li>Analyse des qualit\u00e9s de leadership &#8211; attributs des dirigeants<\/li><li>Comp\u00e9tences personnelles&nbsp; du leadership \u2013 pratique et d\u00e9veloppement<\/li><li>Motivation des personnes<\/li><li>Planification et&nbsp; performance<\/li><li>Discussion et pr\u00e9sentation<\/li><li>Interaction et \u00e9coute active<\/li><li>Gestion verticale des flux d&#8217;information<\/li><li>Gestion au sein des organisations<\/li><\/ul>\n","protected":false},"excerpt":{"rendered":"<p>La formation dans ce domaine a pour but de renforcer les aptitudes et comp\u00e9tences de gestion et de leadership des cadres sup\u00e9rieurs des autorit\u00e9s frontali\u00e8res et autres autorit\u00e9s responsables du maintien de l\u2019ordre en mati\u00e8re de fronti\u00e8res et de migration.<\/p>\n","protected":false},"author":1,"featured_media":0,"parent":21,"menu_order":0,"comment_status":"closed","ping_status":"closed","template":"","meta":{"footnotes":""},"class_list":["post-334","page","type-page","status-publish","hentry"],"translation":{"provider":"WPGlobus","version":"2.12.2","language":"fr","enabled_languages":["en","fr","ru","tr","ar"],"languages":{"en":{"title":true,"content":true,"excerpt":false},"fr":{"title":true,"content":true,"excerpt":false},"ru":{"title":true,"content":true,"excerpt":false},"tr":{"title":true,"content":true,"excerpt":false},"ar":{"title":true,"content":true,"excerpt":false}}},"_links":{"self":[{"href":"https:\/\/border21.com\/fr\/wp-json\/wp\/v2\/pages\/334","targetHints":{"allow":["GET"]}}],"collection":[{"href":"https:\/\/border21.com\/fr\/wp-json\/wp\/v2\/pages"}],"about":[{"href":"https:\/\/border21.com\/fr\/wp-json\/wp\/v2\/types\/page"}],"author":[{"embeddable":true,"href":"https:\/\/border21.com\/fr\/wp-json\/wp\/v2\/users\/1"}],"replies":[{"embeddable":true,"href":"https:\/\/border21.com\/fr\/wp-json\/wp\/v2\/comments?post=334"}],"version-history":[{"count":27,"href":"https:\/\/border21.com\/fr\/wp-json\/wp\/v2\/pages\/334\/revisions"}],"predecessor-version":[{"id":964,"href":"https:\/\/border21.com\/fr\/wp-json\/wp\/v2\/pages\/334\/revisions\/964"}],"up":[{"embeddable":true,"href":"https:\/\/border21.com\/fr\/wp-json\/wp\/v2\/pages\/21"}],"wp:attachment":[{"href":"https:\/\/border21.com\/fr\/wp-json\/wp\/v2\/media?parent=334"}],"curies":[{"name":"wp","href":"https:\/\/api.w.org\/{rel}","templated":true}]}}