{"id":332,"date":"2021-02-27T15:09:34","date_gmt":"2021-02-27T15:09:34","guid":{"rendered":"http:\/\/border21.com\/?page_id=332"},"modified":"2021-08-21T14:22:57","modified_gmt":"2021-08-21T14:22:57","slug":"green-and-blue-border-surveillance","status":"publish","type":"page","link":"https:\/\/border21.com\/fr\/training\/green-and-blue-border-surveillance","title":{"rendered":"Surveillance des fronti\u00e8res \u00ab&nbsp;Vertes&nbsp;\u00bb et \u00ab&nbsp;Bleues&nbsp;\u00bb"},"content":{"rendered":"\n<p>La Surveillance des fronti\u00e8res \u00ab&nbsp;vertes&nbsp;\u00bb et \u00ab&nbsp;bleues&nbsp;\u00bb couvre toutes les activit\u00e9s et op\u00e9rations men\u00e9es par des autorit\u00e9s concernees aux&nbsp; fronti\u00e8res terrestres,&nbsp; maritimes et a\u00e9riennes, dans le but d\u2019emp\u00eacher les personnes de contourner les postes de fronti\u00e8res officiels pour se soustraire &nbsp;aux contr\u00f4les et entrer ill\u00e9galement dans un espace&nbsp; commun de libert\u00e9 de mouvement.<\/p>\n\n\n\n<p>Certains Etats rencontrent des difficult\u00e9s \u00e0 assurer une surveillance appropri\u00e9e des fronti\u00e8res \u00ab&nbsp;vertes&nbsp;\u00bb et \u00ab&nbsp;bleues&nbsp;\u00bb, et plus particuli\u00e8rement les pays dont les fronti\u00e8res pr\u00e9sentent un relief montagneux et escarp\u00e9, &nbsp;o\u00f9 les &nbsp;conditions climatiques sont difficiles et o\u00f9 les fronti\u00e8res naturelles sont maritimes et fluviales.<\/p>\n\n\n\n<p>La vuln\u00e9rabilit\u00e9 de certaines fronti\u00e8res peut affecte la s\u00fbret\u00e9 au niveau r\u00e9gional, rendant possible le transport quasiment sans obstacle des produits criminels \u00e0 travers leurs territoires et, \u00e9ventuellement, offre la possibilit\u00e9 non seulement aux immigr\u00e9s clandestins et aux criminels, mais aussi aux &nbsp;terroristes aux extr\u00e9mistes de traverser &nbsp;ces fronti\u00e8res sans \u00eatre inqui\u00e9t\u00e9.<\/p>\n\n\n\n<p>Ces pays ont besoin&nbsp; de renforcer leur capacit\u00e9 de surveillance et de d\u00e9tection de mani\u00e8re \u00e0 relever les d\u00e9fis auxquels ils sont&nbsp; confront\u00e9s et \u00e0 assurer la s\u00e9curit\u00e9 et la stabilit\u00e9 de leur territoire et de leur r\u00e9gion.<\/p>\n\n\n\n<p><span style=\"color:#1c76bf\" class=\"has-inline-color\">border21<\/span> met \u00e0 disposition son savoir-faire et ses experts pour conduire des \u00e9valuations de terrain, ainsi qu\u2019 une analyse des d\u00e9faillances et l\u2019identification des besoins n\u00e9cessaires a l\u2019 am\u00e9lioration des capacit\u00e9s de surveillance des fronti\u00e8res \u00ab&nbsp;bleues&nbsp;\u00bb et \u00ab&nbsp;vertes&nbsp;\u00bb.<\/p>\n\n\n\n<p><span style=\"color:#1c76bf\" class=\"has-inline-color\">border21<\/span> soutient aussi la cr\u00e9ation de m\u00e9canismes de coordination entre et parmi les diff\u00e9rents organes de gestion des fronti\u00e8res dans le but de renforcer la coop\u00e9ration intra et inter-services, et notamment les proc\u00e9dures de fonctionnement standard, de gestion\/commande et de contr\u00f4le, la collecte d\u2019informations\/renseignements, de formation ad hoc et de &nbsp;formation continue.<\/p>\n\n\n\n<p><span style=\"color:#1c76bf\" class=\"has-inline-color\">border21<\/span> facilite la mise en oeuvre d\u2019un syst\u00e8me efficace proposant &nbsp;des mesures et des standards modernes et actuels de contr\u00f4le et de surveillance des fronti\u00e8res &nbsp;\u00ab&nbsp;vertes&nbsp;\u00bb et \u00ab&nbsp;bleues&nbsp;\u00bb , en \u00e9troite coordination et coop\u00e9ration avec les Etats voisins.<\/p>\n","protected":false},"excerpt":{"rendered":"<p>La Surveillance des fronti\u00e8res \u00ab&nbsp;vertes&nbsp;\u00bb et \u00ab&nbsp;bleues&nbsp;\u00bb couvre toutes les activit\u00e9s et op\u00e9rations men\u00e9es par des autorit\u00e9s concernees aux&nbsp; fronti\u00e8res terrestres,&nbsp; maritimes et a\u00e9riennes, dans le but d\u2019emp\u00eacher les personnes de contourner les postes de fronti\u00e8res officiels pour se soustraire<\/p>\n","protected":false},"author":1,"featured_media":0,"parent":21,"menu_order":0,"comment_status":"closed","ping_status":"closed","template":"","meta":{"footnotes":""},"class_list":["post-332","page","type-page","status-publish","hentry"],"translation":{"provider":"WPGlobus","version":"2.12.2","language":"fr","enabled_languages":["en","fr","ru","tr","ar"],"languages":{"en":{"title":true,"content":true,"excerpt":false},"fr":{"title":true,"content":true,"excerpt":false},"ru":{"title":true,"content":true,"excerpt":false},"tr":{"title":true,"content":true,"excerpt":false},"ar":{"title":true,"content":true,"excerpt":false}}},"_links":{"self":[{"href":"https:\/\/border21.com\/fr\/wp-json\/wp\/v2\/pages\/332","targetHints":{"allow":["GET"]}}],"collection":[{"href":"https:\/\/border21.com\/fr\/wp-json\/wp\/v2\/pages"}],"about":[{"href":"https:\/\/border21.com\/fr\/wp-json\/wp\/v2\/types\/page"}],"author":[{"embeddable":true,"href":"https:\/\/border21.com\/fr\/wp-json\/wp\/v2\/users\/1"}],"replies":[{"embeddable":true,"href":"https:\/\/border21.com\/fr\/wp-json\/wp\/v2\/comments?post=332"}],"version-history":[{"count":22,"href":"https:\/\/border21.com\/fr\/wp-json\/wp\/v2\/pages\/332\/revisions"}],"predecessor-version":[{"id":903,"href":"https:\/\/border21.com\/fr\/wp-json\/wp\/v2\/pages\/332\/revisions\/903"}],"up":[{"embeddable":true,"href":"https:\/\/border21.com\/fr\/wp-json\/wp\/v2\/pages\/21"}],"wp:attachment":[{"href":"https:\/\/border21.com\/fr\/wp-json\/wp\/v2\/media?parent=332"}],"curies":[{"name":"wp","href":"https:\/\/api.w.org\/{rel}","templated":true}]}}