{"id":330,"date":"2021-02-27T15:09:07","date_gmt":"2021-02-27T15:09:07","guid":{"rendered":"http:\/\/border21.com\/?page_id=330"},"modified":"2021-08-21T15:51:38","modified_gmt":"2021-08-21T15:51:38","slug":"trafficking-in-human-beings-thb","status":"publish","type":"page","link":"https:\/\/border21.com\/fr\/training\/trafficking-in-human-beings-thb","title":{"rendered":"La Lutte contre la Traite des \u00eatres humains"},"content":{"rendered":"\n<p>La traite &nbsp;des \u00eatres humains n\u2019est pas un &nbsp;trafic de clandestins!<\/p>\n\n\n\n<p>La traite des \u00eatres humains est bas\u00e9e sur la tromperie, la fraude, la s\u00e9questration, ou encore le d\u00e9placement d\u2019\u00eatres humains dans le but de les forcer \u00e0 travailler en \u00e9change d\u2019un menu salaire &nbsp;ou sans r\u00e9tribution aucune ou dans des conditions \u00e9videntes d\u2019exploitation. Cette pratique est consid\u00e9r\u00e9e comme un commerce d\u2019\u00eatre humains, et pr\u00e9sente des caract\u00e9ristiques d\u2019esclavage. Elle est ill\u00e9gale dans la plupart des pays. Les victimes de traite des \u00eatres humains peuvent \u00eatre exploit\u00e9es dans diff\u00e9rentes situations, via la prostitution, le travail forc\u00e9 (y compris les services forc\u00e9s ou de remboursement de dette) ou d\u2019autres formes de servitudes forc\u00e9es. La vente de b\u00e9b\u00e9s et d\u2019enfants dans un but &nbsp;d\u2019adoption ou dans d\u2019autres buts est aussi consid\u00e9r\u00e9e comme un trafic de ces enfants.<\/p>\n\n\n\n<p>Le trafic d\u2019immigrants suppose que les personnes demandent elles-m\u00eames les services du passeur &nbsp;en \u00e9change d\u2019argent, et sont souvent tromp\u00e9es en signant un contrat (ill\u00e9gal). Arriv\u00e9 \u00e0 destination, l\u2019immigrant clandestin est g\u00e9n\u00e9ralement libre, et doit en principe se d\u00e9brouiller tout seul.<\/p>\n\n\n\n<p>La victime de traite n\u2019est en g\u00e9n\u00e9ral pas libre de quitter son lieu de travail et doit travailler ou rendre des services au trafiquant ou \u00e0 d\u2019autres personnes et devient alors sujet \u00e0 une exploitation. L\u2019accord peut \u00eatre fait sous la forme d\u2019un contrat de travail, mais sans r\u00e9mun\u00e9ration ou avec une r\u00e9mun\u00e9ration modique ou selon des termes \u00e9vidents d\u2019exploitation.<\/p>\n\n\n\n<p>La traite des \u00eatres humains est une branche du crime organise qui se d\u00e9veloppe \u00e0 &nbsp;grande vitesse et qui g\u00e9n\u00e8re des profits estim\u00e9s entre &nbsp;4 \u00e0 8 milliards d\u2019euros par an a travers le monde.&nbsp; La traite des \u00eatres humains est un ph\u00e9nom\u00e8ne qui traverse les fronti\u00e8res internationales et exige une coop\u00e9ration et une collaboration \u00e9troite entre les \u00e9tats pour lutter contre ce crime &nbsp;de fa\u00e7on efficace.<\/p>\n\n\n\n<p><span style=\"color:#1c76bf\" class=\"has-inline-color\">border21<\/span> offre un programme de formation pour renforcer les capacit\u00e9s op\u00e9rationnelles du personnel de contr\u00f4le des autorit\u00e9s frontali\u00e8res et des autres organismes appropri\u00e9s du maintien de l\u2019ordre pour d\u00e9tecter et identifier les victimes de la traite d\u2019\u00eatres humains aux postes de contr\u00f4le des fronti\u00e8res.<\/p>\n\n\n\n<p>Les experts hautement qualifi\u00e9s de <span style=\"color:#1c76bf\" class=\"has-inline-color\">border21<\/span> basent leur formation sur des m\u00e9thodologies approuv\u00e9s par l\u2019UE&nbsp;: les cours de la formation seront traduits dans la langue nationale du pays ou la formation a lieu.<\/p>\n\n\n\n<p>Cette formation peut \u00eatre compl\u00e9mentaire et se baser sur de pr\u00e9c\u00e9dentes formations d\u00e9velopp\u00e9es par des experts de <span style=\"color:#1c76bf\" class=\"has-inline-color\">border21<\/span> \u00e0 des repr\u00e9sentants des fronti\u00e8res sur la question des faux documents de voyage et sur le profilage.<\/p>\n","protected":false},"excerpt":{"rendered":"<p>La traite &nbsp;des \u00eatres humains n\u2019est pas un &nbsp;trafic de clandestins! La traite des \u00eatres humains est bas\u00e9e sur la tromperie, la fraude, la s\u00e9questration, ou encore le d\u00e9placement d\u2019\u00eatres humains dans le but de les forcer \u00e0 travailler en<\/p>\n","protected":false},"author":1,"featured_media":0,"parent":21,"menu_order":0,"comment_status":"closed","ping_status":"closed","template":"","meta":{"footnotes":""},"class_list":["post-330","page","type-page","status-publish","hentry"],"translation":{"provider":"WPGlobus","version":"2.12.2","language":"fr","enabled_languages":["en","fr","ru","tr","ar"],"languages":{"en":{"title":true,"content":true,"excerpt":false},"fr":{"title":true,"content":true,"excerpt":false},"ru":{"title":true,"content":true,"excerpt":false},"tr":{"title":true,"content":true,"excerpt":false},"ar":{"title":true,"content":true,"excerpt":false}}},"_links":{"self":[{"href":"https:\/\/border21.com\/fr\/wp-json\/wp\/v2\/pages\/330","targetHints":{"allow":["GET"]}}],"collection":[{"href":"https:\/\/border21.com\/fr\/wp-json\/wp\/v2\/pages"}],"about":[{"href":"https:\/\/border21.com\/fr\/wp-json\/wp\/v2\/types\/page"}],"author":[{"embeddable":true,"href":"https:\/\/border21.com\/fr\/wp-json\/wp\/v2\/users\/1"}],"replies":[{"embeddable":true,"href":"https:\/\/border21.com\/fr\/wp-json\/wp\/v2\/comments?post=330"}],"version-history":[{"count":22,"href":"https:\/\/border21.com\/fr\/wp-json\/wp\/v2\/pages\/330\/revisions"}],"predecessor-version":[{"id":932,"href":"https:\/\/border21.com\/fr\/wp-json\/wp\/v2\/pages\/330\/revisions\/932"}],"up":[{"embeddable":true,"href":"https:\/\/border21.com\/fr\/wp-json\/wp\/v2\/pages\/21"}],"wp:attachment":[{"href":"https:\/\/border21.com\/fr\/wp-json\/wp\/v2\/media?parent=330"}],"curies":[{"name":"wp","href":"https:\/\/api.w.org\/{rel}","templated":true}]}}