{"id":312,"date":"2021-02-27T14:46:19","date_gmt":"2021-02-27T14:46:19","guid":{"rendered":"http:\/\/border21.com\/?page_id=312"},"modified":"2021-08-21T14:29:55","modified_gmt":"2021-08-21T14:29:55","slug":"fight-against-international-car-theft","status":"publish","type":"page","link":"https:\/\/border21.com\/fr\/training\/fight-against-international-car-theft","title":{"rendered":"Lutte contre le Vol International de Voitures"},"content":{"rendered":"\n<p>La criminalit\u00e9 li\u00e9e aux v\u00e9hicules automobiles<a href=\"#erstens\">[1]<\/a> est une activit\u00e9 tr\u00e8s organis\u00e9e a travers le monde. Il a \u00e9t\u00e9 clairement \u00e9tabli qu\u2019elle est souvent li\u00e9e au crime organis\u00e9 et au terrorisme. Les v\u00e9hicules ne sont pas simplement \u00ab&nbsp;vol\u00e9s&nbsp;\u00bb &nbsp;mais repr\u00e9sente parfois, la source de financement d&#8217;autres crimes. Ils peuvent \u00e9galement \u00eatre utilis\u00e9s pour la contrebande d&#8217;autres marchandises ill\u00e9gales ou \u00e0 la perp\u00e9tration de nombreux autres crimes.<\/p>\n\n\n\n<p>Cette formation vise \u00e0 aider les organismes charges de la gestion des fronti\u00e8res a renforcer &nbsp;leurs capacit\u00e9s op\u00e9rationnelles de lutte contre le trafic de v\u00e9hicules vol\u00e9s. Elle tend en particulier \u00e0 am\u00e9liorer les connaissances et les comp\u00e9tences du personnel op\u00e9rationnel de fronti\u00e8res dans le domaine de la d\u00e9tection des v\u00e9hicules vol\u00e9s<\/p>\n\n\n\n<p><span style=\"color:#1c76bf\" class=\"has-inline-color\">border21<\/span> appuie aussi les organismes charges de la gestion des fronti\u00e8res int\u00e9ress\u00e9s a renforcer leur capacit\u00e9s &nbsp;institutionnelles pour pr\u00e9venir et combattre le vol international de voitures.<\/p>\n\n\n\n<p><span style=\"color:#1c76bf\" class=\"has-inline-color\">border21<\/span> fournit une assistance technique dans le d\u00e9veloppement et la mise en \u0153uvre de plans de formation et de&nbsp; programmes via un \u00e9change de pratiques nationales et internationales pertinentes.<\/p>\n\n\n\n<p><span style=\"color:#1c76bf\" class=\"has-inline-color\">border21<\/span> facilite de m\u00eame les activit\u00e9s de projets d\u2019assistance technique pour accro\u00eetre la capacit\u00e9 des autorit\u00e9s de maintien de l\u2019ordre a combattre de fa\u00e7on plus efficace le vol international de voitures .<\/p>\n\n\n\n<p><span style=\"color:#1c76bf\" class=\"has-inline-color\">border21<\/span> s\u2019int\u00e8gre \u00e0 tous les organismes comp\u00e9tents de maintien de l\u2019ordre aux fronti\u00e8res dans le but d\u2019am\u00e9liorer l&#8217;interaction et les \u00e9changes d&#8217;informations intra-et inter-agences ainsi que la coop\u00e9ration internationale.<\/p>\n\n\n\n<p><span style=\"color:#1c76bf\" class=\"has-inline-color\">border21<\/span> fournit des experts internationaux et des formateurs aux autorit\u00e9s du maintien de l\u2019ordre des Etats membres de l\u2019UE concernant la Base de Donn\u00e9es Europ\u00e9enne d\u2019identification des v\u00e9hicules (EuVID).<\/p>\n\n\n\n<p><span style=\"color:#1c76bf\" class=\"has-inline-color\">border21<\/span> offre un soutien de plusieurs formes dans quatre domaines principaux lies a la lutte contre le vol international de voitures<br><\/p>\n\n\n\n<ul class=\"wp-block-list\"><li>Apporte un appui et une aide aux autorit\u00e9s du maintien de l\u2019ordre &nbsp;dans &nbsp;l\u2019application de nouvelles techniques de contr\u00f4le et de proc\u00e9dures ainsi que dans les moyens d&#8217;identifier et d&#8217;enqu\u00eater sur les v\u00e9hicules vol\u00e9s ou d\u00e9tourn\u00e9s;<\/li><li>Apporte &nbsp;son savoir-faire pour une compr\u00e9hension globale de la production de v\u00e9hicules dans ce but.<\/li><li>Encourage les \u00c9tats \u00e0 rapporter \u00e0 Interpol tous les cas de v\u00e9hicules et de documents vol\u00e9s et, soutient la mise en \u0153uvre de plates-formes techniques \u00e0 des points de contr\u00f4le frontaliers pour&nbsp; fournir aux agents du maintien de l\u2019ordre une connexion en temps r\u00e9el aux bases de donn\u00e9es d&#8217;Interpol.<\/li><li>Am\u00e9liore la coop\u00e9ration r\u00e9gionale et l&#8217;\u00e9change d&#8217;informations et d\u2019orientations sur la d\u00e9tection des v\u00e9hicules vol\u00e9s ou d\u00e9tourn\u00e9s.<\/li><\/ul>\n\n\n\n<hr class=\"wp-block-separator\"\/>\n\n\n<hr style=\"border:#1c76bf solid 1px;\">\n\n\n<p><em id=\"erstens\">[1]<\/em> Selon Europol: on entend par &#8220;criminalit\u00e9 li\u00e9e aux v\u00e9hicules \u00e0 moteur&#8221;, le vol ou le d\u00e9tournement d&#8217;automobiles, de camions, de semi-remorques, des cargaisons des camions ou semi-remorques, d\u2019autobus, de motocyclettes, de caravanes, de v\u00e9hicules agricoles, v\u00e9hicules de chantier, et des pi\u00e8ces de rechange pour ces v\u00e9hicules, et le recel de ces objets.<\/p>\n\n\n\n<p><\/p>\n","protected":false},"excerpt":{"rendered":"<p>La criminalit\u00e9 li\u00e9e aux v\u00e9hicules automobiles[1] est une activit\u00e9 tr\u00e8s organis\u00e9e a travers le monde. Il a \u00e9t\u00e9 clairement \u00e9tabli qu\u2019elle est souvent li\u00e9e au crime organis\u00e9 et au terrorisme. Les v\u00e9hicules ne sont pas simplement \u00ab&nbsp;vol\u00e9s&nbsp;\u00bb &nbsp;mais repr\u00e9sente parfois,<\/p>\n","protected":false},"author":1,"featured_media":0,"parent":21,"menu_order":0,"comment_status":"closed","ping_status":"closed","template":"","meta":{"footnotes":""},"class_list":["post-312","page","type-page","status-publish","hentry"],"translation":{"provider":"WPGlobus","version":"2.12.2","language":"fr","enabled_languages":["en","fr","ru","tr","ar"],"languages":{"en":{"title":true,"content":true,"excerpt":false},"fr":{"title":true,"content":true,"excerpt":false},"ru":{"title":true,"content":true,"excerpt":false},"tr":{"title":true,"content":true,"excerpt":false},"ar":{"title":true,"content":true,"excerpt":false}}},"_links":{"self":[{"href":"https:\/\/border21.com\/fr\/wp-json\/wp\/v2\/pages\/312","targetHints":{"allow":["GET"]}}],"collection":[{"href":"https:\/\/border21.com\/fr\/wp-json\/wp\/v2\/pages"}],"about":[{"href":"https:\/\/border21.com\/fr\/wp-json\/wp\/v2\/types\/page"}],"author":[{"embeddable":true,"href":"https:\/\/border21.com\/fr\/wp-json\/wp\/v2\/users\/1"}],"replies":[{"embeddable":true,"href":"https:\/\/border21.com\/fr\/wp-json\/wp\/v2\/comments?post=312"}],"version-history":[{"count":62,"href":"https:\/\/border21.com\/fr\/wp-json\/wp\/v2\/pages\/312\/revisions"}],"predecessor-version":[{"id":913,"href":"https:\/\/border21.com\/fr\/wp-json\/wp\/v2\/pages\/312\/revisions\/913"}],"up":[{"embeddable":true,"href":"https:\/\/border21.com\/fr\/wp-json\/wp\/v2\/pages\/21"}],"wp:attachment":[{"href":"https:\/\/border21.com\/fr\/wp-json\/wp\/v2\/media?parent=312"}],"curies":[{"name":"wp","href":"https:\/\/api.w.org\/{rel}","templated":true}]}}