{"id":24,"date":"2021-02-23T12:40:55","date_gmt":"2021-02-23T12:40:55","guid":{"rendered":"http:\/\/border21.com\/?page_id=24"},"modified":"2021-08-21T07:28:47","modified_gmt":"2021-08-21T07:28:47","slug":"about-us","status":"publish","type":"page","link":"https:\/\/border21.com\/fr\/about-us","title":{"rendered":"mon portrait"},"content":{"rendered":"\n<h1 class=\"has-text-color wp-block-heading\" style=\"color:#a89e6e\">Johann Wagner Ph.D. <\/h1>\n\n\n\n<div class=\"wp-block-image\"><figure class=\"alignleft size-full\"><img loading=\"lazy\" decoding=\"async\" width=\"282\" height=\"282\" src=\"https:\/\/border21.com\/wp-content\/uploads\/2021\/08\/J_Wagner-klein.jpg\" alt=\"\" class=\"wp-image-808\" srcset=\"https:\/\/border21.com\/wp-content\/uploads\/2021\/08\/J_Wagner-klein.jpg 282w, https:\/\/border21.com\/wp-content\/uploads\/2021\/08\/J_Wagner-klein-150x150.jpg 150w, https:\/\/border21.com\/wp-content\/uploads\/2021\/08\/J_Wagner-klein-230x230.jpg 230w\" sizes=\"auto, (max-width: 282px) 100vw, 282px\" \/><\/figure><\/div>\n\n\n\n<p>Avec plus de 35 ans d&#8217;exp\u00e9rience professionnelle. Dr. Wagner poss\u00e8de des comp\u00e9tences acad\u00e9miques et pratiques dans les domaines de la gestion des affaires de s\u00e9curit\u00e9 strat\u00e9gique, l&#8217;\u00e9tat de droit, le droit administratif, gestion polici\u00e8re et leadership, ainsi que la gestion int\u00e9gr\u00e9e des fronti\u00e8res, le suivi et l&#8217;\u00e9valuation de programme, la coordination, la gestion du changement et les processus de r\u00e9forme du secteur de la s\u00e9curit\u00e9. Il est dipl\u00f4m\u00e9 de l&#8217;Universit\u00e9 de Sciences Appliqu\u00e9es du Service de Police et droit administratif., D\u00e9partement la Gestion Polici\u00e8re et Leadership de Bavi\u00e8re en 2001. Cette formation a \u00e9t\u00e9 renforc\u00e9e par l&#8217;obtention d&#8217;un Mast\u00e8re (avec Mention) en gestion de s\u00e9curit\u00e9 strat\u00e9gique a l&#8217;universit\u00e9 de Sciences Appliqu\u00e9es de Vienne (Wiener Neustadt) Autriche, en 2013, et d&#8217;un Doctorat&nbsp;a l&#8217;Universit\u00e9 de Sheffield Hallam au royaume uni en 2019.&nbsp; &nbsp;<\/p>\n\n\n\n<p>Depuis 1998, il a travaill\u00e9 en tant que Conseiller r\u00e9sident partenaire et responsable principal de composante de projet &#8220;Twinning&#8221; de l&#8217;UE, Chef d&#8217;\u00e9quipe et Conseiller senior aupr\u00e8s de Minist\u00e8res de pays hors UE, ainsi qu&#8217;en tant que Chef d&#8217;Unit\u00e9 et Conseiller principal aupr\u00e8s d&#8217;organisations internationales pour la mise en \u0153uvre de projets de r\u00e9forme de secteur de la s\u00e9curit\u00e9 finances par l&#8217;UE, l&#8217;OSCE, l&#8217;ONUCT et l&#8217;OTAN.&nbsp; Aussi, il a travaill\u00e9 en tant qu&#8217;expert a la mise en \u0153uvre de r\u00e9formes des syst\u00e8mes administratifs au sein de Minist\u00e8res de pays hors UE, ainsi que de police des fronti\u00e8res et gardes-fronti\u00e8res, syst\u00e8mes de justice p\u00e9nale et polici\u00e8re, ainsi que concernant les gardes cote de M\u00e9diterran\u00e9e, dans le cadre de ces projets.<\/p>\n\n\n\n<p>De 2018 a 2019, il a travaill\u00e9 en tant que Conseiller Senior aupr\u00e8s du D\u00e9partement de lutte contre le terrorisme de l&#8217;OTAN, a Bruxelles, sur les questions de gestion de fronti\u00e8res et contre-terrorisme, combattants terroristes \u00e9trangers et lutte contre le crime organis\u00e9 et transfrontalier au Moyen Orient.&nbsp;<\/p>\n\n\n\n<p>De 2015 a 2017, il a \u00e9t\u00e9 le Conseiller Principal au sein du bureau des Nations Unies pour le contre-terrorisme a New York, o\u00f9 il \u00e9tait responsable des questions de gestion et s\u00e9curit\u00e9 des fronti\u00e8res dans le cadre de la lutte contre le terrorisme et des combattants terroristes \u00e9trangers, et contre le crime organise transfrontalier&nbsp;men\u00e9 par les \u00e9tats membres.<\/p>\n\n\n\n<p>De 2005 a 2009, il a \u0153uvr\u00e9 au sein du secr\u00e9tariat de l&#8217;OSCE, a Vienne, en tant que Conseiller senior en mati\u00e8re de gestion des fronti\u00e8res,&nbsp; et point focal pour tous les questions li\u00e9es a la gestion des fronti\u00e8res dans la zone OSCE ainsi que pour la coop\u00e9ration avec les programmes des Nations unies dans ce domaine.&nbsp; &nbsp; &nbsp; &nbsp;<\/p>\n\n\n\n<p>Il a aussi travaill\u00e9 en soutien de certains \u00e9tats inter alia a l&#8217;examen et a analyse de strat\u00e9gies nationales et plans d&#8217;actions, ainsi que de la l\u00e9gislation nationale dans les domaines mentionnes pr\u00e9c\u00e9demment.&nbsp; Plus avant, il a travaill\u00e9 au d\u00e9veloppement d&#8217;\u00e9valuations strat\u00e9giques des risques en Europe Centrale et du Sud Est, Turquie au Moyen Orient, pour le compte de l&#8217;UE.<\/p>\n\n\n\n<p>Il a aussi travaill\u00e9 pour l&#8217;ONUDC en tant qu&#8217;expert en Afghanistan et en Asie du sud Est, ainsi que pour l&#8217;ONUCT dans les pays de la corne de l&#8217;Afrique, du Sahel et du Maghreb.&nbsp; &nbsp;<\/p>\n\n\n\n<p>Le Dr. Wagner est un expert hautement qualifie dans le d\u00e9veloppement de strat\u00e9gies d&#8217;application de la loi, d&#8217;ex\u00e9cution et de leur plans d&#8217;action et de mise en \u0153uvre. il est tr\u00e8s au courant des bonnes pratiques s&#8217;agissant de coop\u00e9ration intra-agence, inter-agences et internationale en ligne avec l&#8217;acquis communautaire et les standards internationaux et conventions en vigueur. Il maitrise \u00e9galement les cadres logistiques et informatiques n\u00e9cessaires a la gestion effective de l&#8217;application de la loi et de la justice p\u00e9nale, la gestion int\u00e9gr\u00e9e des fronti\u00e8res et les activit\u00e9s de surveillance, et a une exp\u00e9rience certaine de la r\u00e9daction d&#8217;ordres, de proc\u00e9dures de travail et d&#8217;op\u00e9ration standard.<\/p>\n\n\n\n<p>Il a une exp\u00e9rience tr\u00e8s significative dans le domaine des op\u00e9rations de gestion de cadres de performances et d&#8217;inspection des performances des service de l&#8217;ordre. Il poss\u00e8de aussi de grandes capacit\u00e9s a nouer des partenariats avec de nombreux acteurs et instituions dans son domaine de comp\u00e9tence. Il maitrise aussi parfaitement les techniques modernes et effectives d&#8217;analyse des risques, et poss\u00e8de une grande exp\u00e9rience de la gestion des crimes transfrontaliers et&nbsp; des enqu\u00eates dans ce domaine.&nbsp;<\/p>\n\n\n\n<p>Enfin, le Dr. Wagner enseigne r\u00e9guli\u00e8rement et forme les forces de l&#8217;ordre dans ces domaines, et assure le suivi en tant que maitre de stage. il est reconnu&nbsp; pour ces qualit\u00e9s de communication et ses capacit\u00e9s de travail en \u00e9quipe et de direction. il est fermement attache au valeurs de diversit\u00e9 et d\u2019\u00e9galit\u00e9.&nbsp;&nbsp;<\/p>\n","protected":false},"excerpt":{"rendered":"<p>Johann Wagner Ph.D. Avec plus de 35 ans d&#8217;exp\u00e9rience professionnelle. Dr. Wagner poss\u00e8de des comp\u00e9tences acad\u00e9miques et pratiques dans les domaines de la gestion des affaires de s\u00e9curit\u00e9 strat\u00e9gique, l&#8217;\u00e9tat de droit, le droit administratif, gestion polici\u00e8re et leadership, ainsi<\/p>\n","protected":false},"author":1,"featured_media":0,"parent":0,"menu_order":5,"comment_status":"closed","ping_status":"closed","template":"","meta":{"footnotes":""},"class_list":["post-24","page","type-page","status-publish","hentry"],"translation":{"provider":"WPGlobus","version":"2.12.2","language":"fr","enabled_languages":["en","fr","ru","tr","ar"],"languages":{"en":{"title":true,"content":true,"excerpt":false},"fr":{"title":true,"content":true,"excerpt":false},"ru":{"title":true,"content":true,"excerpt":false},"tr":{"title":true,"content":true,"excerpt":false},"ar":{"title":true,"content":true,"excerpt":false}}},"_links":{"self":[{"href":"https:\/\/border21.com\/fr\/wp-json\/wp\/v2\/pages\/24","targetHints":{"allow":["GET"]}}],"collection":[{"href":"https:\/\/border21.com\/fr\/wp-json\/wp\/v2\/pages"}],"about":[{"href":"https:\/\/border21.com\/fr\/wp-json\/wp\/v2\/types\/page"}],"author":[{"embeddable":true,"href":"https:\/\/border21.com\/fr\/wp-json\/wp\/v2\/users\/1"}],"replies":[{"embeddable":true,"href":"https:\/\/border21.com\/fr\/wp-json\/wp\/v2\/comments?post=24"}],"version-history":[{"count":65,"href":"https:\/\/border21.com\/fr\/wp-json\/wp\/v2\/pages\/24\/revisions"}],"predecessor-version":[{"id":813,"href":"https:\/\/border21.com\/fr\/wp-json\/wp\/v2\/pages\/24\/revisions\/813"}],"wp:attachment":[{"href":"https:\/\/border21.com\/fr\/wp-json\/wp\/v2\/media?parent=24"}],"curies":[{"name":"wp","href":"https:\/\/api.w.org\/{rel}","templated":true}]}}