{"id":21,"date":"2021-02-23T12:38:33","date_gmt":"2021-02-23T12:38:33","guid":{"rendered":"http:\/\/border21.com\/?page_id=21"},"modified":"2021-08-27T09:36:29","modified_gmt":"2021-08-27T09:36:29","slug":"training","status":"publish","type":"page","link":"https:\/\/border21.com\/fr\/training","title":{"rendered":"formation"},"content":{"rendered":"\n<h1 class=\"has-text-color wp-block-heading\" style=\"color:#a89e6e\">Entrainement approfondi<\/h1>\n\n\n\n<p><span style=\"color:#1c76bf\" class=\"has-inline-color\">border21<\/span> offre son expertise aux partenaires pour le d\u00e9veloppement et la mise en pratique de nouvelles formes d\u2019exercice, suivant les standards d\u2019entrainement internationaux. Cela facilite les visites d\u2019\u00e9tudes des membres de l\u2019Union Europ\u00e9enne pour des exercices de terrains et du transfert de connaissances. <\/p>\n\n\n\n<p><span style=\"color:#1c76bf\" class=\"has-inline-color\">border21<\/span> poss\u00e8de des comp\u00e9tences pour am\u00e9liorer les capacit\u00e9s li\u00e9es au respect des lois, a la cr\u00e9ation d\u2019institutions, au management et leadership policier, au respect des fronti\u00e8res, \u00e0 la gestion de la crise migratoire. Cela permet \u00e9galement d\u2019am\u00e9liorer les mesures anti -corruptions et les mesures d\u2019\u00e9galit\u00e9s et de diversit\u00e9. border21 peut amener son expertise sur ses sujets en cas de besoin d\u2019assistance.<\/p>\n\n\n\n<p><span style=\"color:#1c76bf\" class=\"has-inline-color\">border21<\/span> offre un entrainement approfondi sur ces diff\u00e9rents domaines d\u2019expertise:<\/p>\n\n\n\n<ul class=\"wp-block-list\"><li>De possibles reformes du secteur de la s\u00e9curit\u00e9<\/li><li>Contre-terrorisme et endiguer l\u2019entr\u00e9e de terroristes \u00e9trangers sur le territoire<\/li><li>Interventions transfrontali\u00e8res<\/li><li>Cyber-crime<\/li><li>Lutte contre les bandes organis\u00e9es transnationales<\/li><li>Surveillance des zones frontali\u00e8res vertes et bleues<\/li><li>Criminalit\u00e9 li\u00e9e aux v\u00e9hicules<\/li><li>Coop\u00e9ration inter et intra-agence, coop\u00e9ration internationale<\/li><li>Migration irr\u00e9guli\u00e8re, traite d\u2019\u00eatres humains<\/li><li>Respect des lois<\/li><li>Management et leadership<\/li><li>Pr\u00e9ventions de dangers transnationaux<\/li><li>Identification de faux passeports et visas<\/li><li>Analyse de risque \u00e9valuation des menaces<\/li><li>Profilage et contr\u00f4le<\/li><\/ul>\n\n\n\n<\/br><\/br><\/br>\n\n\n<p><!-- \/wp:post-content --><\/p>","protected":false},"excerpt":{"rendered":"<p>Entrainement approfondi border21 offre son expertise aux partenaires pour le d\u00e9veloppement et la mise en pratique de nouvelles formes d\u2019exercice, suivant les standards d\u2019entrainement internationaux. Cela facilite les visites d\u2019\u00e9tudes des membres de l\u2019Union Europ\u00e9enne pour des exercices de terrains<\/p>\n","protected":false},"author":1,"featured_media":0,"parent":0,"menu_order":4,"comment_status":"closed","ping_status":"closed","template":"","meta":{"footnotes":""},"class_list":["post-21","page","type-page","status-publish","hentry"],"translation":{"provider":"WPGlobus","version":"2.12.2","language":"fr","enabled_languages":["en","fr","ru","tr","ar"],"languages":{"en":{"title":true,"content":true,"excerpt":false},"fr":{"title":true,"content":true,"excerpt":false},"ru":{"title":true,"content":true,"excerpt":false},"tr":{"title":true,"content":true,"excerpt":false},"ar":{"title":true,"content":true,"excerpt":false}}},"_links":{"self":[{"href":"https:\/\/border21.com\/fr\/wp-json\/wp\/v2\/pages\/21","targetHints":{"allow":["GET"]}}],"collection":[{"href":"https:\/\/border21.com\/fr\/wp-json\/wp\/v2\/pages"}],"about":[{"href":"https:\/\/border21.com\/fr\/wp-json\/wp\/v2\/types\/page"}],"author":[{"embeddable":true,"href":"https:\/\/border21.com\/fr\/wp-json\/wp\/v2\/users\/1"}],"replies":[{"embeddable":true,"href":"https:\/\/border21.com\/fr\/wp-json\/wp\/v2\/comments?post=21"}],"version-history":[{"count":149,"href":"https:\/\/border21.com\/fr\/wp-json\/wp\/v2\/pages\/21\/revisions"}],"predecessor-version":[{"id":1037,"href":"https:\/\/border21.com\/fr\/wp-json\/wp\/v2\/pages\/21\/revisions\/1037"}],"wp:attachment":[{"href":"https:\/\/border21.com\/fr\/wp-json\/wp\/v2\/media?parent=21"}],"curies":[{"name":"wp","href":"https:\/\/api.w.org\/{rel}","templated":true}]}}