{"id":12,"date":"2021-02-23T10:59:45","date_gmt":"2021-02-23T10:59:45","guid":{"rendered":"http:\/\/border21.com\/?page_id=12"},"modified":"2021-08-19T08:33:58","modified_gmt":"2021-08-19T08:33:58","slug":"technical-assistance","status":"publish","type":"page","link":"https:\/\/border21.com\/fr\/technical-assistance","title":{"rendered":"assistance technique"},"content":{"rendered":"\n<h1 class=\"has-text-color wp-block-heading\" style=\"color:#a89e6e\">assistance technique<\/h1>\n\n\n\n<p><span style=\"color:#1c76bf\" class=\"has-inline-color\">border21<\/span> fourni une assistance technique au minist\u00e8res et agences pour leur permettre d\u2019am\u00e9liorer leur capacit\u00e9s institutionnelles et individuelles afin de d\u2019\u00e9viter les menaces transnationales et combattre efficacement les bandes criminelles organis\u00e9es, les groupes terroristes et r\u00e9duire le trafic de terroristes \u00e9trangers au sein de leur pays.<\/p>\n\n\n\n<p><span style=\"color:#1c76bf\" class=\"has-inline-color\">border21<\/span> aide les minist\u00e8res \u00e0 d\u00e9velopper et mettre en places des strat\u00e9gies nationale afin de garantir la s\u00e9curit\u00e9 du peuple, en accord avec les lois de chaque pays, et des droits de l\u2019Homme. <\/p>\n\n\n\n<p><span style=\"color:#1c76bf\" class=\"has-inline-color\">border21<\/span> encourage l\u2019application des principes d\u2019acquis communautaire de l\u2019Union Europ\u00e9enne, et le mod\u00e8le europ\u00e9en de gestion des fronti\u00e8res pour des limites s\u00e9curitaires, dans un territoire libre, d\u00e9mocratique, et sans lignes de d\u00e9marcations. <\/p>\n\n\n\n<p><span style=\"color:#1c76bf\" class=\"has-inline-color\">border21<\/span> apporte son assistance technique et expertise, <em>inter alia<\/em>, sur les sujets suivants:<\/p>\n\n\n\n<ul class=\"wp-block-list\"><li>Le d\u00e9veloppement de strat\u00e9gies nationales en accord avec les n\u00e9cessit\u00e9es de chaque pays, et avec les autorit\u00e9s locales comp\u00e9tentes. <\/li><li>L\u2019\u00e9laboration d\u2019\u00e9valuations des besoins et manquements li\u00e9es au respect des lois, de la gestion des fronti\u00e8res, des poursuites criminelles et des collaboration inter-agences, intra-agences, et internationales.<\/li><li>L\u2019am\u00e9lioration de l\u2019efficacit\u00e9 des syst\u00e8mes de d\u00e9fense nationaux, gr\u00e2ce au d\u00e9veloppement de concepts et de recommandations adapt\u00e9s sur mesure aux besoins de ces derniers. <\/li><li>Le d\u00e9veloppement de l\u2019\u00e9valuation des syst\u00e8mes de gestion de fronti\u00e8res (comme les points de passages ou les zones vertes et les zones bleues), en accord avec directives de l\u2019U.E.<\/li><li>La cr\u00e9ation de technologies de pointes et \u00e9laboration de de solutions utilisant l\u2019intelligence artificielle (I.A.).<\/li><li>L\u2019am\u00e9lioration des capacit\u00e9s de management, leadership des officiers de police.<\/li><li>La facilitation de la coop\u00e9ration inter-agences sur le plan national et transfrontalier.<\/li><li>Le d\u00e9veloppement de programme d\u2019entrainement et d\u2019apprentissage pour les agences de respect des lois, en accord avec les acquis communautaires europ\u00e9ens.<\/li><li>Le d\u00e9veloppement d\u2019exercices pour les directeurs d\u2019agences afin d\u2019am\u00e9liorer la collaboration inter-agences lors des interventions transfrontali\u00e8res.<\/li><li>Le suivi des processus de planification et de management des projets et programmes financ\u00e9s avec des ressources ext\u00e9rieures. <\/li><\/ul>\n\n\n\n<\/br><\/br><\/br>\n","protected":false},"excerpt":{"rendered":"<p>assistance technique border21 fourni une assistance technique au minist\u00e8res et agences pour leur permettre d\u2019am\u00e9liorer leur capacit\u00e9s institutionnelles et individuelles afin de d\u2019\u00e9viter les menaces transnationales et combattre efficacement les bandes criminelles organis\u00e9es, les groupes terroristes et r\u00e9duire le trafic<\/p>\n","protected":false},"author":1,"featured_media":0,"parent":0,"menu_order":3,"comment_status":"closed","ping_status":"closed","template":"","meta":{"footnotes":""},"class_list":["post-12","page","type-page","status-publish","hentry"],"translation":{"provider":"WPGlobus","version":"2.12.2","language":"fr","enabled_languages":["en","fr","ru","tr","ar"],"languages":{"en":{"title":true,"content":true,"excerpt":false},"fr":{"title":true,"content":true,"excerpt":false},"ru":{"title":true,"content":true,"excerpt":false},"tr":{"title":true,"content":true,"excerpt":false},"ar":{"title":true,"content":true,"excerpt":false}}},"_links":{"self":[{"href":"https:\/\/border21.com\/fr\/wp-json\/wp\/v2\/pages\/12","targetHints":{"allow":["GET"]}}],"collection":[{"href":"https:\/\/border21.com\/fr\/wp-json\/wp\/v2\/pages"}],"about":[{"href":"https:\/\/border21.com\/fr\/wp-json\/wp\/v2\/types\/page"}],"author":[{"embeddable":true,"href":"https:\/\/border21.com\/fr\/wp-json\/wp\/v2\/users\/1"}],"replies":[{"embeddable":true,"href":"https:\/\/border21.com\/fr\/wp-json\/wp\/v2\/comments?post=12"}],"version-history":[{"count":67,"href":"https:\/\/border21.com\/fr\/wp-json\/wp\/v2\/pages\/12\/revisions"}],"predecessor-version":[{"id":758,"href":"https:\/\/border21.com\/fr\/wp-json\/wp\/v2\/pages\/12\/revisions\/758"}],"wp:attachment":[{"href":"https:\/\/border21.com\/fr\/wp-json\/wp\/v2\/media?parent=12"}],"curies":[{"name":"wp","href":"https:\/\/api.w.org\/{rel}","templated":true}]}}